{"id":19526,"date":"2022-09-23T12:46:21","date_gmt":"2022-09-23T10:46:21","guid":{"rendered":"https:\/\/premierpaschezsoi.com\/w2\/?page_id=19526"},"modified":"2024-06-18T16:18:43","modified_gmt":"2024-06-18T15:18:43","slug":"besoin-dun-plan-sur-mesure","status":"publish","type":"page","link":"https:\/\/premierpaschezsoi.com\/w2\/besoin-dun-plan-sur-mesure\/","title":{"rendered":"Besoin d&#8217;un plan sur mesure ?"},"content":{"rendered":"\t\t<div data-elementor-type=\"wp-page\" data-elementor-id=\"19526\" class=\"elementor elementor-19526\">\n\t\t\t\t\t\t<section class=\"elementor-section elementor-top-section elementor-element elementor-element-ad64493 elementor-section-boxed elementor-section-height-default elementor-section-height-default\" data-id=\"ad64493\" data-element_type=\"section\">\n\t\t\t\t\t\t<div class=\"elementor-container elementor-column-gap-default\">\n\t\t\t\t\t<div class=\"elementor-column elementor-col-50 elementor-top-column elementor-element elementor-element-205a15f\" data-id=\"205a15f\" data-element_type=\"column\">\n\t\t\t<div class=\"elementor-widget-wrap elementor-element-populated\">\n\t\t\t\t\t\t<div class=\"elementor-element elementor-element-1842da3 elementor-widget elementor-widget-image\" data-id=\"1842da3\" data-element_type=\"widget\" data-widget_type=\"image.default\">\n\t\t\t\t<div class=\"elementor-widget-container\">\n\t\t\t<style>\/*! elementor - v3.23.0 - 05-08-2024 *\/\n.elementor-widget-image{text-align:center}.elementor-widget-image a{display:inline-block}.elementor-widget-image a img[src$=\".svg\"]{width:48px}.elementor-widget-image img{vertical-align:middle;display:inline-block}<\/style>\t\t\t\t\t\t\t\t\t\t<img fetchpriority=\"high\" decoding=\"async\" width=\"1024\" height=\"683\" src=\"https:\/\/premierpaschezsoi.com\/w2\/wp-content\/uploads\/2022\/10\/iStock-8768097841-1024x683.jpg\" class=\"attachment-large size-large wp-image-20330\" alt=\"\" srcset=\"https:\/\/premierpaschezsoi.com\/w2\/wp-content\/uploads\/2022\/10\/iStock-8768097841-1024x683.jpg 1024w, https:\/\/premierpaschezsoi.com\/w2\/wp-content\/uploads\/2022\/10\/iStock-8768097841-300x200.jpg 300w, https:\/\/premierpaschezsoi.com\/w2\/wp-content\/uploads\/2022\/10\/iStock-8768097841-768x512.jpg 768w, https:\/\/premierpaschezsoi.com\/w2\/wp-content\/uploads\/2022\/10\/iStock-8768097841-600x400.jpg 600w, https:\/\/premierpaschezsoi.com\/w2\/wp-content\/uploads\/2022\/10\/iStock-8768097841-1536x1024.jpg 1536w, https:\/\/premierpaschezsoi.com\/w2\/wp-content\/uploads\/2022\/10\/iStock-8768097841-2048x1365.jpg 2048w, https:\/\/premierpaschezsoi.com\/w2\/wp-content\/uploads\/2022\/10\/iStock-8768097841-1300x867.jpg 1300w\" sizes=\"(max-width: 1024px) 100vw, 1024px\" \/>\t\t\t\t\t\t\t\t\t\t\t\t\t<\/div>\n\t\t\t\t<\/div>\n\t\t\t\t\t<\/div>\n\t\t<\/div>\n\t\t\t\t<div class=\"elementor-column elementor-col-50 elementor-top-column elementor-element elementor-element-7326b71\" data-id=\"7326b71\" data-element_type=\"column\">\n\t\t\t<div class=\"elementor-widget-wrap elementor-element-populated\">\n\t\t\t\t\t\t<div class=\"elementor-element elementor-element-35b5ca6 elementor-widget elementor-widget-text-editor\" data-id=\"35b5ca6\" data-element_type=\"widget\" data-widget_type=\"text-editor.default\">\n\t\t\t\t<div class=\"elementor-widget-container\">\n\t\t\t<style>\/*! elementor - v3.23.0 - 05-08-2024 *\/\n.elementor-widget-text-editor.elementor-drop-cap-view-stacked .elementor-drop-cap{background-color:#69727d;color:#fff}.elementor-widget-text-editor.elementor-drop-cap-view-framed .elementor-drop-cap{color:#69727d;border:3px solid;background-color:transparent}.elementor-widget-text-editor:not(.elementor-drop-cap-view-default) .elementor-drop-cap{margin-top:8px}.elementor-widget-text-editor:not(.elementor-drop-cap-view-default) .elementor-drop-cap-letter{width:1em;height:1em}.elementor-widget-text-editor .elementor-drop-cap{float:left;text-align:center;line-height:1;font-size:50px}.elementor-widget-text-editor .elementor-drop-cap-letter{display:inline-block}<\/style>\t\t\t\t<p align=\"left\">Vous \u00eates sur le point de commander un plan sur mesure. Nos architectes, mettrons tout en oeuvre, pour mat\u00e9rialiser le plus fid\u00e8lement possible votre vision.<span style=\"color: #000000;\"><span style=\"font-family: Arial, serif;\"><span style=\"font-size: small;\">\n<\/span><\/span><\/span>Laissez nous vous poser quelques questions afin d&#8217;avoir une id\u00e9e de votre projet. N&#8217;oubliez pas de joindre tout \u00e9l\u00e9ment ( description d\u00e9taill\u00e9e, image, croquis, lev\u00e9, etc) que vous jugerez utile pour inspirer nos architectes.<span style=\"color: #000000;\"><span style=\"font-family: Arial, serif;\"><span style=\"font-size: small;\">\n<\/span><\/span><\/span>Et si vous \u00eates \u00e0 la recherche d&#8217;inspiration? <span style=\"color: #0899D2;\"><a style=\"color: #0899D2;\" href=\"https:\/\/premierpaschezsoi.com\/w2\/visitez-notre-catalogue\/\">Visitez notre galerie de construction<\/a><\/span><\/p>\t\t\t\t\t\t<\/div>\n\t\t\t\t<\/div>\n\t\t\t\t<div class=\"elementor-element elementor-element-3c9da72 elementor-widget elementor-widget-button\" data-id=\"3c9da72\" data-element_type=\"widget\" data-widget_type=\"button.default\">\n\t\t\t\t<div class=\"elementor-widget-container\">\n\t\t\t\t\t<div class=\"elementor-button-wrapper\">\n\t\t\t<a class=\"elementor-button elementor-button-link elementor-size-sm\" href=\"https:\/\/premierpaschezsoi.com\/w2\/formulaire-de-commande\/\">\n\t\t\t\t\t\t<span class=\"elementor-button-content-wrapper\">\n\t\t\t\t\t\t<span class=\"elementor-button-icon\">\n\t\t\t\t<i aria-hidden=\"true\" class=\"fas fa-home\"><\/i>\t\t\t<\/span>\n\t\t\t\t\t\t\t\t\t<span class=\"elementor-button-text\">Commencer<\/span>\n\t\t\t\t\t<\/span>\n\t\t\t\t\t<\/a>\n\t\t<\/div>\n\t\t\t\t<\/div>\n\t\t\t\t<\/div>\n\t\t\t\t\t<\/div>\n\t\t<\/div>\n\t\t\t\t\t<\/div>\n\t\t<\/section>\n\t\t\t\t<\/div>\n\t\t","protected":false},"excerpt":{"rendered":"<p>Vous \u00eates sur le point de commander un plan sur mesure. Nos architectes, mettrons tout en oeuvre, pour mat\u00e9rialiser le plus fid\u00e8lement possible votre vision. Laissez nous vous poser quelques questions afin d&#8217;avoir une id\u00e9e de votre projet. N&#8217;oubliez pas de joindre tout \u00e9l\u00e9ment ( description d\u00e9taill\u00e9e, image, croquis, lev\u00e9, etc) que vous jugerez utile [&hellip;]<\/p>\n","protected":false},"author":1,"featured_media":0,"parent":0,"menu_order":0,"comment_status":"closed","ping_status":"closed","template":"","meta":{"_glsr_average":0,"_glsr_ranking":0,"_glsr_reviews":0,"_joinchat":[],"footnotes":""},"class_list":["post-19526","page","type-page","status-publish","hentry"],"_links":{"self":[{"href":"https:\/\/premierpaschezsoi.com\/w2\/wp-json\/wp\/v2\/pages\/19526","targetHints":{"allow":["GET"]}}],"collection":[{"href":"https:\/\/premierpaschezsoi.com\/w2\/wp-json\/wp\/v2\/pages"}],"about":[{"href":"https:\/\/premierpaschezsoi.com\/w2\/wp-json\/wp\/v2\/types\/page"}],"author":[{"embeddable":true,"href":"https:\/\/premierpaschezsoi.com\/w2\/wp-json\/wp\/v2\/users\/1"}],"replies":[{"embeddable":true,"href":"https:\/\/premierpaschezsoi.com\/w2\/wp-json\/wp\/v2\/comments?post=19526"}],"version-history":[{"count":75,"href":"https:\/\/premierpaschezsoi.com\/w2\/wp-json\/wp\/v2\/pages\/19526\/revisions"}],"predecessor-version":[{"id":28658,"href":"https:\/\/premierpaschezsoi.com\/w2\/wp-json\/wp\/v2\/pages\/19526\/revisions\/28658"}],"wp:attachment":[{"href":"https:\/\/premierpaschezsoi.com\/w2\/wp-json\/wp\/v2\/media?parent=19526"}],"curies":[{"name":"wp","href":"https:\/\/api.w.org\/{rel}","templated":true}]}}