{"id":20001,"date":"2022-10-10T13:29:33","date_gmt":"2022-10-10T11:29:33","guid":{"rendered":"https:\/\/premierpaschezsoi.com\/w2\/?page_id=20001"},"modified":"2026-01-04T23:49:55","modified_gmt":"2026-01-04T22:49:55","slug":"comment-personnaliser-un-plan","status":"publish","type":"page","link":"https:\/\/premierpaschezsoi.com\/w2\/comment-personnaliser-un-plan\/","title":{"rendered":"Comment acheter et personnaliser un plan?"},"content":{"rendered":"\t\t<div data-elementor-type=\"wp-page\" data-elementor-id=\"20001\" class=\"elementor elementor-20001\">\n\t\t\t\t\t\t<section class=\"elementor-section elementor-top-section elementor-element elementor-element-1b48cde elementor-section-boxed elementor-section-height-default elementor-section-height-default\" data-id=\"1b48cde\" data-element_type=\"section\">\n\t\t\t\t\t\t<div class=\"elementor-container elementor-column-gap-default\">\n\t\t\t\t\t<div class=\"elementor-column elementor-col-50 elementor-top-column elementor-element elementor-element-76bafec\" data-id=\"76bafec\" data-element_type=\"column\">\n\t\t\t<div class=\"elementor-widget-wrap elementor-element-populated\">\n\t\t\t\t\t\t<div class=\"elementor-element elementor-element-5f59026 elementor-widget elementor-widget-image\" data-id=\"5f59026\" data-element_type=\"widget\" data-widget_type=\"image.default\">\n\t\t\t\t<div class=\"elementor-widget-container\">\n\t\t\t<style>\/*! elementor - v3.23.0 - 05-08-2024 *\/\n.elementor-widget-image{text-align:center}.elementor-widget-image a{display:inline-block}.elementor-widget-image a img[src$=\".svg\"]{width:48px}.elementor-widget-image img{vertical-align:middle;display:inline-block}<\/style>\t\t\t\t\t\t\t\t\t\t<img fetchpriority=\"high\" decoding=\"async\" width=\"434\" height=\"341\" src=\"https:\/\/premierpaschezsoi.com\/w2\/wp-content\/uploads\/2022\/10\/MicrosoftTeams-image-2.png\" class=\"attachment-large size-large wp-image-20030\" alt=\"\" srcset=\"https:\/\/premierpaschezsoi.com\/w2\/wp-content\/uploads\/2022\/10\/MicrosoftTeams-image-2.png 434w, https:\/\/premierpaschezsoi.com\/w2\/wp-content\/uploads\/2022\/10\/MicrosoftTeams-image-2-300x236.png 300w\" sizes=\"(max-width: 434px) 100vw, 434px\" \/>\t\t\t\t\t\t\t\t\t\t\t\t\t<\/div>\n\t\t\t\t<\/div>\n\t\t\t\t\t<\/div>\n\t\t<\/div>\n\t\t\t\t<div class=\"elementor-column elementor-col-50 elementor-top-column elementor-element elementor-element-e6b783b\" data-id=\"e6b783b\" data-element_type=\"column\">\n\t\t\t<div class=\"elementor-widget-wrap elementor-element-populated\">\n\t\t\t\t\t\t<div class=\"elementor-element elementor-element-746a97e elementor-widget elementor-widget-text-editor\" data-id=\"746a97e\" data-element_type=\"widget\" data-widget_type=\"text-editor.default\">\n\t\t\t\t<div class=\"elementor-widget-container\">\n\t\t\t<style>\/*! elementor - v3.23.0 - 05-08-2024 *\/\n.elementor-widget-text-editor.elementor-drop-cap-view-stacked .elementor-drop-cap{background-color:#69727d;color:#fff}.elementor-widget-text-editor.elementor-drop-cap-view-framed .elementor-drop-cap{color:#69727d;border:3px solid;background-color:transparent}.elementor-widget-text-editor:not(.elementor-drop-cap-view-default) .elementor-drop-cap{margin-top:8px}.elementor-widget-text-editor:not(.elementor-drop-cap-view-default) .elementor-drop-cap-letter{width:1em;height:1em}.elementor-widget-text-editor .elementor-drop-cap{float:left;text-align:center;line-height:1;font-size:50px}.elementor-widget-text-editor .elementor-drop-cap-letter{display:inline-block}<\/style>\t\t\t\t<p><span style=\"font-weight: 400;\">Vous \u00eates sur le point de lancer le processus d&#8217;achat et de\u00a0 personnalisation de plan. Pour cela, vous aurez besoin du code <span style=\"color: #ff0000;\"><strong>SKU<\/strong><\/span> de votre maison. Ce code est situ\u00e9 en dessous du bouton que vous venez de cliquer ou comme l\u2019indique l\u2019image \u00e0 c\u00f4t\u00e9. Si vous n\u2019avez pas encore ce code cliquez sur <span style=\"color: #ff0000;\">RETOUR<\/span> pour le r\u00e9cup\u00e9rer. Si vous avez d\u00e9j\u00e0 le code <span style=\"color: #ff0000;\"><strong>SKU<\/strong><\/span> Cliquez sur <strong><span style=\"color: #008000;\">COMMENCER<\/span><\/strong>, pour lancer le processus de personnalisation de votre plan.<\/span><\/p>\t\t\t\t\t\t<\/div>\n\t\t\t\t<\/div>\n\t\t\t\t<div class=\"elementor-element elementor-element-ed5bfe8 elementor-align-left elementor-widget elementor-widget-button\" data-id=\"ed5bfe8\" data-element_type=\"widget\" data-widget_type=\"button.default\">\n\t\t\t\t<div class=\"elementor-widget-container\">\n\t\t\t\t\t<div class=\"elementor-button-wrapper\">\n\t\t\t<a class=\"elementor-button elementor-button-link elementor-size-sm\" href=\"https:\/\/premierpaschezsoi.com\/w2\/recently-viewed-products\/\">\n\t\t\t\t\t\t<span class=\"elementor-button-content-wrapper\">\n\t\t\t\t\t\t\t\t\t<span class=\"elementor-button-text\">Retour<\/span>\n\t\t\t\t\t<\/span>\n\t\t\t\t\t<\/a>\n\t\t<\/div>\n\t\t\t\t<\/div>\n\t\t\t\t<\/div>\n\t\t\t\t<div class=\"elementor-element elementor-element-50998fe elementor-align-left elementor-widget elementor-widget-button\" data-id=\"50998fe\" data-element_type=\"widget\" data-widget_type=\"button.default\">\n\t\t\t\t<div class=\"elementor-widget-container\">\n\t\t\t\t\t<div class=\"elementor-button-wrapper\">\n\t\t\t<a class=\"elementor-button elementor-button-link elementor-size-sm\" href=\"https:\/\/premierpaschezsoi.com\/w2\/personnaliser-ce-plan\/\">\n\t\t\t\t\t\t<span class=\"elementor-button-content-wrapper\">\n\t\t\t\t\t\t\t\t\t<span class=\"elementor-button-text\">Commencer<\/span>\n\t\t\t\t\t<\/span>\n\t\t\t\t\t<\/a>\n\t\t<\/div>\n\t\t\t\t<\/div>\n\t\t\t\t<\/div>\n\t\t\t\t\t<\/div>\n\t\t<\/div>\n\t\t\t\t\t<\/div>\n\t\t<\/section>\n\t\t\t\t<\/div>\n\t\t","protected":false},"excerpt":{"rendered":"<p>Vous \u00eates sur le point de lancer le processus de personnalisation de plan. Pour cela, vous aurez besoin du code SKU de votre maison. Ce code est situ\u00e9 en dessous du bouton que vous venez de cliquer ou comme l&#8217;indique l&#8217;image \u00e0 c\u00f4t\u00e9. Si vous n&#8217;avez pas encore ce code cliquez sur RETOUR pour le [&hellip;]<\/p>\n","protected":false},"author":1,"featured_media":0,"parent":0,"menu_order":0,"comment_status":"closed","ping_status":"closed","template":"","meta":{"_glsr_average":0,"_glsr_ranking":0,"_glsr_reviews":0,"_joinchat":[],"footnotes":""},"class_list":["post-20001","page","type-page","status-publish","hentry"],"_links":{"self":[{"href":"https:\/\/premierpaschezsoi.com\/w2\/wp-json\/wp\/v2\/pages\/20001","targetHints":{"allow":["GET"]}}],"collection":[{"href":"https:\/\/premierpaschezsoi.com\/w2\/wp-json\/wp\/v2\/pages"}],"about":[{"href":"https:\/\/premierpaschezsoi.com\/w2\/wp-json\/wp\/v2\/types\/page"}],"author":[{"embeddable":true,"href":"https:\/\/premierpaschezsoi.com\/w2\/wp-json\/wp\/v2\/users\/1"}],"replies":[{"embeddable":true,"href":"https:\/\/premierpaschezsoi.com\/w2\/wp-json\/wp\/v2\/comments?post=20001"}],"version-history":[{"count":55,"href":"https:\/\/premierpaschezsoi.com\/w2\/wp-json\/wp\/v2\/pages\/20001\/revisions"}],"predecessor-version":[{"id":29070,"href":"https:\/\/premierpaschezsoi.com\/w2\/wp-json\/wp\/v2\/pages\/20001\/revisions\/29070"}],"wp:attachment":[{"href":"https:\/\/premierpaschezsoi.com\/w2\/wp-json\/wp\/v2\/media?parent=20001"}],"curies":[{"name":"wp","href":"https:\/\/api.w.org\/{rel}","templated":true}]}}