{"id":25727,"date":"2023-01-19T14:29:56","date_gmt":"2023-01-19T13:29:56","guid":{"rendered":"https:\/\/premierpaschezsoi.com\/w2\/?page_id=25727"},"modified":"2023-01-19T14:30:27","modified_gmt":"2023-01-19T13:30:27","slug":"politique-clientele","status":"publish","type":"page","link":"https:\/\/premierpaschezsoi.com\/w2\/politique-clientele\/","title":{"rendered":"Politique client\u00e8le"},"content":{"rendered":"\t\t<div data-elementor-type=\"wp-page\" data-elementor-id=\"25727\" class=\"elementor elementor-25727\">\n\t\t\t\t\t\t<section class=\"elementor-section elementor-top-section elementor-element elementor-element-2a8b1ea3 elementor-section-boxed elementor-section-height-default elementor-section-height-default\" data-id=\"2a8b1ea3\" data-element_type=\"section\">\n\t\t\t\t\t\t<div class=\"elementor-container elementor-column-gap-default\">\n\t\t\t\t\t<div class=\"elementor-column elementor-col-100 elementor-top-column elementor-element elementor-element-4d4687\" data-id=\"4d4687\" data-element_type=\"column\">\n\t\t\t<div class=\"elementor-widget-wrap elementor-element-populated\">\n\t\t\t\t\t\t<div class=\"elementor-element elementor-element-31027cb1 elementor-widget elementor-widget-text-editor\" data-id=\"31027cb1\" data-element_type=\"widget\" data-widget_type=\"text-editor.default\">\n\t\t\t\t<div class=\"elementor-widget-container\">\n\t\t\t<style>\/*! elementor - v3.23.0 - 05-08-2024 *\/\n.elementor-widget-text-editor.elementor-drop-cap-view-stacked .elementor-drop-cap{background-color:#69727d;color:#fff}.elementor-widget-text-editor.elementor-drop-cap-view-framed .elementor-drop-cap{color:#69727d;border:3px solid;background-color:transparent}.elementor-widget-text-editor:not(.elementor-drop-cap-view-default) .elementor-drop-cap{margin-top:8px}.elementor-widget-text-editor:not(.elementor-drop-cap-view-default) .elementor-drop-cap-letter{width:1em;height:1em}.elementor-widget-text-editor .elementor-drop-cap{float:left;text-align:center;line-height:1;font-size:50px}.elementor-widget-text-editor .elementor-drop-cap-letter{display:inline-block}<\/style>\t\t\t\t<p><!-- wp:heading --><\/p>\n<h2>POLITIQUE DE PROTECTION DES ACHETEURS DE PLANS SUR PREMIER PAS CHEZ SOI<\/h2>\n<p><!-- \/wp:heading --><\/p>\n<p><!-- wp:paragraph --><\/p>\n<p><br><\/p><p>Bonjour,<br>Vous \u00eates sur le point d&#8217;acheter ou de commander les plans architecturaux d&#8217;une maison avec Premier Pas Chez Soi.<\/p>\n<p><!-- \/wp:paragraph --><\/p>\n<p><!-- wp:paragraph --><\/p>\n<p>Premier Pas Chez Soi vous exprime sa gratitude pour votre int\u00e9r\u00eat et pour votre confiance.<\/p>\n<p><!-- \/wp:paragraph --><\/p>\n<p><!-- wp:paragraph --><\/p>\n<p>Premier Pas Chez Soi est un service de conception de plans architecturaux en ligne qui a vu le jour pour aider les personnes comme vous \u00e0 avoir une r\u00e9ponse aux probl\u00e8mes qu&#8217;ils rencontrent dans le recours aux services d&#8217;architectes lorsque vient le temps de construire leur maison.<br>Depuis 4 ans maintenant, nous avons con\u00e7u des plans architecturaux pour des centaines de personnes dans les pays suivants: B\u00e9nin, Burkina-Faso, C\u00f4te d&#8217;ivoire, Togo, Senegal, Mali, Guin\u00e9e, Cameroun, Congo, Gabon, France, Niger, Canada, \u00c9tats-Unis, et plusieurs autres.<\/p>\n<p><!-- \/wp:paragraph --><\/p>\n<p><!-- wp:paragraph --><\/p>\n<p>Notre raison d&#8217;\u00eatre est notre promesse qui se r\u00e9sume en:<\/p>\n<p><!-- \/wp:paragraph --><\/p>\n<p><!-- wp:list --><\/p>\n<ul>\n<li style=\"list-style-type: none\">\n<ul><!-- wp:list-item --><\/ul>\n<\/li>\n<\/ul>\n<ul>\n<li style=\"list-style-type: none\">\n<ul>\n<li>PLUS BEAU<\/li>\n<\/ul>\n<\/li>\n<\/ul>\n<p><!-- \/wp:list-item --><\/p>\n<p><!-- wp:list-item --><\/p>\n<ul>\n<li style=\"list-style-type: none\">\n<ul>\n<li>PLUS SIMPLE<\/li>\n<\/ul>\n<\/li>\n<\/ul>\n<p><!-- \/wp:list-item --><\/p>\n<p><!-- wp:list-item --><\/p>\n<ul>\n<li style=\"list-style-type: none\">\n<ul>\n<li>PLUS \u00c9CONOMIQUE.<\/li>\n<\/ul>\n<\/li>\n<\/ul>\n<p><!-- \/wp:list-item --><\/p>\n<p><!-- \/wp:list --><\/p>\n<p><!-- wp:paragraph --><\/p>\n<p>Vous \u00eates plus qu&#8217;un client, vous \u00eates un partenaire. Dans le but de vous aider \u00e0 faire toujours plus d&#8217;\u00e9conomies et pour vous simplifier la vie, nous avons un fonctionnement exclusivement en ligne.<br>Voici les mesures que nous avons prises, afin de vous assurer que votre relation d&#8217;affaires avec Premier Pas Chez Soi se d\u00e9roule en toute s\u00e9curit\u00e9.<\/p>\n<p><!-- \/wp:paragraph --><\/p>\n<p><!-- wp:paragraph --><\/p>\n<p>1- Commandez vos plans en payant un acompte de d\u00e9marrage seulement: Nous ne demandons qu&#8217;un acompte de d\u00e9marrage, le solde de la prestation n&#8217;\u00e9tant pay\u00e9 que lorsque les plans sont pr\u00eats \u00e0 vous \u00eatre livr\u00e9s, parce que nos architectes s&#8217;engagent \u00e0 travailler pour vous et \u00e0 \u00eatre pay\u00e9 sur le r\u00e9sultat.<\/p>\n<p><!-- \/wp:paragraph --><\/p>\n<p><!-- wp:paragraph --><\/p>\n<p>2- Approuvez et corrigez nos propositions \u00e0 chacune des \u00e9tapes de la conception: Pendant le travail de conception des plans, nous soumettons r\u00e9guli\u00e8rement \u00e0 votre approbation les propositions de plans. Vous pouvez ainsi y apporter autant de corrections que n\u00e9cessaire \u00e0 votre satisfaction. C&#8217;est seulement lorsque vous avez valid\u00e9 nos propositions que nous pouvons passer \u00e0 la prochaine \u00e9tape. Cette d\u00e9marche qui vous implique dans la conception vous assure de votre enti\u00e8re satisfaction.<\/p>\n<p><!-- \/wp:paragraph --><\/p>\n<p><!-- wp:paragraph --><\/p>\n<p>3- Choisissez un mode de paiement s\u00e9curis\u00e9: Nous offrons plusieurs moyens de paiement s\u00e9curis\u00e9s qui offrent un recours aux clients en cas de non respect des conditions d&#8217;achat. Vous pouvez ainsi payer en ligne, par PayPal ou m\u00eame en personne aupr\u00e8s d&#8217;un de nos repr\u00e9sentants locaux qui sont autoris\u00e9s pour les paiements.<\/p>\n<p><!-- \/wp:paragraph --><\/p>\n<p><!-- wp:paragraph --><\/p>\n<p>4- Conservez les preuves de nos \u00e9changes: Toutes nos communications peuvent \u00eatre enregistr\u00e9es afin d&#8217;assurer la tra\u00e7abilit\u00e9 de nos \u00e9changes et vous servir de preuve.<\/p>\n<p><!-- \/wp:paragraph --><\/p>\n<p><!-- wp:paragraph --><\/p>\n<p>5- Satisfait, sinon Rembours\u00e9: Nous sommes, de bonne foi, pr\u00eats \u00e0 tous les sacrifices pour votre satisfaction, y compris vous rembourser en cas de manquement de notre part.<\/p>\n<p><!-- \/wp:paragraph --><\/p>\n<p><!-- wp:paragraph --><\/p>\n<p>6- Consultez nos r\u00e9f\u00e9rences: Et si toutes ces mesures ne suffisaient pas \u00e0 vous rassurer, nous serons ravi de vous mettre en contact avec l&#8217;un de nos clients satisfaits.<\/p>\n<p><!-- \/wp:paragraph --><\/p>\t\t\t\t\t\t<\/div>\n\t\t\t\t<\/div>\n\t\t\t\t\t<\/div>\n\t\t<\/div>\n\t\t\t\t\t<\/div>\n\t\t<\/section>\n\t\t\t\t<\/div>\n\t\t","protected":false},"excerpt":{"rendered":"<p>POLITIQUE DE PROTECTION DES ACHETEURS DE PLANS SUR PREMIER PAS CHEZ SOI Bonjour,Vous \u00eates sur le point d&#8217;acheter ou de commander les plans architecturaux d&#8217;une maison avec Premier Pas Chez Soi. Premier Pas Chez Soi vous exprime sa gratitude pour votre int\u00e9r\u00eat et pour votre confiance. Premier Pas Chez Soi est un service de conception [&hellip;]<\/p>\n","protected":false},"author":2,"featured_media":0,"parent":0,"menu_order":0,"comment_status":"closed","ping_status":"closed","template":"","meta":{"_glsr_average":0,"_glsr_ranking":0,"_glsr_reviews":0,"_joinchat":[],"footnotes":""},"class_list":["post-25727","page","type-page","status-publish","hentry"],"_links":{"self":[{"href":"https:\/\/premierpaschezsoi.com\/w2\/wp-json\/wp\/v2\/pages\/25727","targetHints":{"allow":["GET"]}}],"collection":[{"href":"https:\/\/premierpaschezsoi.com\/w2\/wp-json\/wp\/v2\/pages"}],"about":[{"href":"https:\/\/premierpaschezsoi.com\/w2\/wp-json\/wp\/v2\/types\/page"}],"author":[{"embeddable":true,"href":"https:\/\/premierpaschezsoi.com\/w2\/wp-json\/wp\/v2\/users\/2"}],"replies":[{"embeddable":true,"href":"https:\/\/premierpaschezsoi.com\/w2\/wp-json\/wp\/v2\/comments?post=25727"}],"version-history":[{"count":4,"href":"https:\/\/premierpaschezsoi.com\/w2\/wp-json\/wp\/v2\/pages\/25727\/revisions"}],"predecessor-version":[{"id":25732,"href":"https:\/\/premierpaschezsoi.com\/w2\/wp-json\/wp\/v2\/pages\/25727\/revisions\/25732"}],"wp:attachment":[{"href":"https:\/\/premierpaschezsoi.com\/w2\/wp-json\/wp\/v2\/media?parent=25727"}],"curies":[{"name":"wp","href":"https:\/\/api.w.org\/{rel}","templated":true}]}}