{"id":20555,"date":"2022-11-22T14:34:52","date_gmt":"2022-11-22T13:34:52","guid":{"rendered":"https:\/\/premierpaschezsoi.com\/w2\/?post_type=product&#038;p=20555"},"modified":"2026-01-03T01:29:33","modified_gmt":"2026-01-03T00:29:33","slug":"maison-plain-pied-250-m%c2%b2-4-chambres-toiture-bleu-marine","status":"publish","type":"product","link":"https:\/\/premierpaschezsoi.com\/w2\/produit\/maison-plain-pied-250-m%c2%b2-4-chambres-toiture-bleu-marine\/","title":{"rendered":"VILLA PLAIN-PIED 4 CHAMBRES SUR 500m2"},"content":{"rendered":"<ul data-start=\"2113\" data-end=\"2220\">\n<li data-start=\"2198\" data-end=\"2220\">\n<table class=\"w-fit min-w-(--thread-content-width)\" data-start=\"1367\" data-end=\"3113\">\n<thead data-start=\"1367\" data-end=\"1476\">\n<tr data-start=\"1367\" data-end=\"1476\">\n<th data-start=\"1367\" data-end=\"1402\" data-col-size=\"sm\">\u00c9l\u00e9ment<\/th>\n<th data-start=\"1402\" data-end=\"1476\" data-col-size=\"md\">D\u00e9tail<\/th>\n<\/tr>\n<\/thead>\n<tbody data-start=\"1587\" data-end=\"3113\">\n<tr data-start=\"1587\" data-end=\"1695\">\n<td data-start=\"1587\" data-end=\"1622\" data-col-size=\"sm\"><strong data-start=\"1589\" data-end=\"1597\">Type<\/strong><\/td>\n<td data-col-size=\"md\" data-start=\"1622\" data-end=\"1695\">Villa de plain-pied<\/td>\n<\/tr>\n<tr data-start=\"1696\" data-end=\"1804\">\n<td data-start=\"1696\" data-end=\"1731\" data-col-size=\"sm\"><strong data-start=\"1698\" data-end=\"1720\">Surface construite<\/strong><\/td>\n<td data-col-size=\"md\" data-start=\"1731\" data-end=\"1804\">Environ 27<strong data-start=\"1741\" data-end=\"1751\">0 m\u00b2<\/strong><\/td>\n<\/tr>\n<tr data-start=\"1805\" data-end=\"1913\">\n<td data-start=\"1805\" data-end=\"1840\" data-col-size=\"sm\"><strong data-start=\"1807\" data-end=\"1829\">Nombre de chambres<\/strong><\/td>\n<td data-start=\"1840\" data-end=\"1913\" data-col-size=\"md\">4 chambres (avec salle de bain priv\u00e9e)<\/td>\n<\/tr>\n<tr data-start=\"1914\" data-end=\"2022\">\n<td data-start=\"1914\" data-end=\"1949\" data-col-size=\"sm\"><strong data-start=\"1916\" data-end=\"1936\">Nombre de salons<\/strong><\/td>\n<td data-col-size=\"md\" data-start=\"1949\" data-end=\"2022\">2 (s\u00e9jour + salon priv\u00e9)<\/td>\n<\/tr>\n<tr data-start=\"2023\" data-end=\"2131\">\n<td data-start=\"2023\" data-end=\"2058\" data-col-size=\"sm\"><strong data-start=\"2025\" data-end=\"2043\">Salle \u00e0 manger<\/strong><\/td>\n<td data-start=\"2058\" data-end=\"2131\" data-col-size=\"md\">1 (attenante au s\u00e9jour)<\/td>\n<\/tr>\n<tr data-start=\"2132\" data-end=\"2240\">\n<td data-start=\"2132\" data-end=\"2167\" data-col-size=\"sm\"><strong data-start=\"2134\" data-end=\"2145\">Cuisine<\/strong><\/td>\n<td data-start=\"2167\" data-end=\"2240\" data-col-size=\"md\">Cuisine ind\u00e9pendante<\/td>\n<\/tr>\n<tr data-start=\"2241\" data-end=\"2349\">\n<td data-start=\"2241\" data-end=\"2276\" data-col-size=\"sm\"><strong data-start=\"2243\" data-end=\"2256\">Buanderie<\/strong><\/td>\n<td data-col-size=\"md\" data-start=\"2276\" data-end=\"2349\">1 buanderie fonctionnelle<\/td>\n<\/tr>\n<tr data-start=\"2350\" data-end=\"2458\">\n<td data-start=\"2350\" data-end=\"2385\" data-col-size=\"sm\"><strong data-start=\"2352\" data-end=\"2364\">Terrasse<\/strong><\/td>\n<td data-start=\"2385\" data-end=\"2458\" data-col-size=\"md\">Terrasse avant couverte + rampe d\u2019acc\u00e8s<\/td>\n<\/tr>\n<tr data-start=\"2459\" data-end=\"2567\">\n<td data-start=\"2459\" data-end=\"2494\" data-col-size=\"sm\"><strong data-start=\"2461\" data-end=\"2471\">Garage<\/strong><\/td>\n<td data-col-size=\"md\" data-start=\"2494\" data-end=\"2567\">1 garage ouvert<\/td>\n<\/tr>\n<tr data-start=\"2568\" data-end=\"2676\">\n<td data-start=\"2568\" data-end=\"2603\" data-col-size=\"sm\"><strong data-start=\"2570\" data-end=\"2593\">Toilettes visiteurs<\/strong><\/td>\n<td data-col-size=\"md\" data-start=\"2603\" data-end=\"2676\">Oui<\/td>\n<\/tr>\n<tr data-start=\"2677\" data-end=\"2785\">\n<td data-start=\"2677\" data-end=\"2712\" data-col-size=\"sm\"><strong data-start=\"2679\" data-end=\"2688\">Style<\/strong><\/td>\n<td data-col-size=\"md\" data-start=\"2712\" data-end=\"2785\">Contemporain haut standing, plan carr\u00e9, ouvertures verticales<\/td>\n<\/tr>\n<tr data-start=\"2786\" data-end=\"2894\">\n<td data-start=\"2786\" data-end=\"2821\" data-col-size=\"sm\"><strong data-start=\"2788\" data-end=\"2810\">Terrain recommand\u00e9<\/strong><\/td>\n<td data-start=\"2821\" data-end=\"2894\" data-col-size=\"md\">\u00c0 partir de 5<strong data-start=\"2835\" data-end=\"2845\">00 m\u00b2<\/strong> (20 m x 25 m )<\/td>\n<\/tr>\n<tr data-start=\"2895\" data-end=\"3003\">\n<td data-start=\"2895\" data-end=\"2930\" data-col-size=\"sm\"><strong data-start=\"2897\" data-end=\"2926\">Co\u00fbt estim\u00e9 du gros \u0153uvre<\/strong><\/td>\n<td data-col-size=\"md\" data-start=\"2930\" data-end=\"3003\">Environ <strong>16 200 000 FCFA<\/strong> (270 m\u00b2 \u00d7 60 000 FCFA\/m\u00b2)<\/td>\n<\/tr>\n<tr data-start=\"3004\" data-end=\"3113\">\n<td data-start=\"3004\" data-end=\"3039\" data-col-size=\"sm\"><strong data-start=\"3006\" data-end=\"3022\">Public cible<\/strong><\/td>\n<td data-start=\"3039\" data-end=\"3113\" data-col-size=\"md\">Propri\u00e9taires r\u00e9sidents, familles nombreuses, projets r\u00e9sidentiels<\/td>\n<\/tr>\n<\/tbody>\n<\/table>\n<\/li>\n<\/ul>\n","protected":false},"excerpt":{"rendered":"<p data-start=\"161\" data-end=\"366\">Villa contemporaine de plain-pied de 270 m\u00b2 habitable avec 4 chambres, 2 salons, garage et terrasse.<br data-start=\"267\" data-end=\"270\" \/>Un mod\u00e8le de confort haut standing pour familles ou projets r\u00e9sidentiels de prestige.<\/p>\n<h3 class=\"\" data-start=\"310\" data-end=\"352\"><\/h3>\n","protected":false},"featured_media":20556,"comment_status":"open","ping_status":"closed","template":"","meta":{"_glsr_average":0,"_glsr_ranking":0,"_glsr_reviews":0,"_joinchat":[]},"product_cat":[158,154,152,147],"product_tag":[],"class_list":{"0":"post-20555","1":"product","2":"type-product","3":"status-publish","4":"has-post-thumbnail","6":"product_cat-moins-de-30-millions","7":"product_cat-100-m-et-plus","8":"product_cat-4-chambres-et-plus","9":"product_cat-plain-pied","10":"tm-no-options","12":"first","13":"instock","14":"sale","15":"shipping-taxable","16":"purchasable","17":"product-type-variable","18":"add-to-wishlist-after_add_to_cart"},"_links":{"self":[{"href":"https:\/\/premierpaschezsoi.com\/w2\/wp-json\/wp\/v2\/product\/20555","targetHints":{"allow":["GET"]}}],"collection":[{"href":"https:\/\/premierpaschezsoi.com\/w2\/wp-json\/wp\/v2\/product"}],"about":[{"href":"https:\/\/premierpaschezsoi.com\/w2\/wp-json\/wp\/v2\/types\/product"}],"replies":[{"embeddable":true,"href":"https:\/\/premierpaschezsoi.com\/w2\/wp-json\/wp\/v2\/comments?post=20555"}],"version-history":[{"count":4,"href":"https:\/\/premierpaschezsoi.com\/w2\/wp-json\/wp\/v2\/product\/20555\/revisions"}],"predecessor-version":[{"id":29051,"href":"https:\/\/premierpaschezsoi.com\/w2\/wp-json\/wp\/v2\/product\/20555\/revisions\/29051"}],"wp:featuredmedia":[{"embeddable":true,"href":"https:\/\/premierpaschezsoi.com\/w2\/wp-json\/wp\/v2\/media\/20556"}],"wp:attachment":[{"href":"https:\/\/premierpaschezsoi.com\/w2\/wp-json\/wp\/v2\/media?parent=20555"}],"wp:term":[{"taxonomy":"product_cat","embeddable":true,"href":"https:\/\/premierpaschezsoi.com\/w2\/wp-json\/wp\/v2\/product_cat?post=20555"},{"taxonomy":"product_tag","embeddable":true,"href":"https:\/\/premierpaschezsoi.com\/w2\/wp-json\/wp\/v2\/product_tag?post=20555"}],"curies":[{"name":"wp","href":"https:\/\/api.w.org\/{rel}","templated":true}]}}