{"id":20943,"date":"2022-11-23T22:32:19","date_gmt":"2022-11-23T21:32:19","guid":{"rendered":"https:\/\/premierpaschezsoi.com\/w2\/?post_type=product&#038;p=20943"},"modified":"2025-12-28T16:16:11","modified_gmt":"2025-12-28T15:16:11","slug":"maison-plain-pied-forme-carree-3-chambres-155-m%c2%b2","status":"publish","type":"product","link":"https:\/\/premierpaschezsoi.com\/w2\/produit\/maison-plain-pied-forme-carree-3-chambres-155-m%c2%b2\/","title":{"rendered":"VILLA PLAIN -PIED FORME CARR\u00c9E 3 CHAMBRES 155 M\u00b2 HABITABLE"},"content":{"rendered":"<table class=\"w-fit min-w-(--thread-content-width)\" data-start=\"1347\" data-end=\"2859\">\n<thead data-start=\"1347\" data-end=\"1455\">\n<tr data-start=\"1347\" data-end=\"1455\">\n<th data-start=\"1347\" data-end=\"1381\" data-col-size=\"sm\">\u00c9l\u00e9ment<\/th>\n<th data-start=\"1381\" data-end=\"1455\" data-col-size=\"md\">D\u00e9tail<\/th>\n<\/tr>\n<\/thead>\n<tbody data-start=\"1565\" data-end=\"2859\">\n<tr data-start=\"1565\" data-end=\"1672\">\n<td data-start=\"1565\" data-end=\"1599\" data-col-size=\"sm\"><strong data-start=\"1567\" data-end=\"1575\">Type<\/strong><\/td>\n<td data-start=\"1599\" data-end=\"1672\" data-col-size=\"md\">Villa de plain-pied<\/td>\n<\/tr>\n<tr data-start=\"1673\" data-end=\"1780\">\n<td data-start=\"1673\" data-end=\"1707\" data-col-size=\"sm\"><strong data-start=\"1675\" data-end=\"1693\">Terrain requis<\/strong><\/td>\n<td data-start=\"1707\" data-end=\"1780\" data-col-size=\"md\">10 m x 20 m (200 m\u00b2)<\/td>\n<\/tr>\n<tr data-start=\"1781\" data-end=\"1888\">\n<td data-start=\"1781\" data-end=\"1815\" data-col-size=\"sm\"><strong data-start=\"1783\" data-end=\"1805\">Nombre de chambres<\/strong><\/td>\n<td data-col-size=\"md\" data-start=\"1815\" data-end=\"1888\">3 chambres (dont suite parentale)<\/td>\n<\/tr>\n<tr data-start=\"1889\" data-end=\"1996\">\n<td data-start=\"1889\" data-end=\"1923\" data-col-size=\"sm\"><strong data-start=\"1891\" data-end=\"1910\">Suite parentale<\/strong><\/td>\n<td data-start=\"1923\" data-end=\"1996\" data-col-size=\"md\">19,28 m\u00b2 + salle de bain\/dressing de 7,28 m\u00b2<\/td>\n<\/tr>\n<tr data-start=\"1997\" data-end=\"2104\">\n<td data-start=\"1997\" data-end=\"2031\" data-col-size=\"sm\"><strong data-start=\"1999\" data-end=\"2018\">Autres chambres<\/strong><\/td>\n<td data-col-size=\"md\" data-start=\"2031\" data-end=\"2104\">15,90 m\u00b2 et 19,25 m\u00b2<\/td>\n<\/tr>\n<tr data-start=\"2105\" data-end=\"2212\">\n<td data-start=\"2105\" data-end=\"2139\" data-col-size=\"sm\"><strong data-start=\"2107\" data-end=\"2133\">Salon + salle \u00e0 manger<\/strong><\/td>\n<td data-start=\"2139\" data-end=\"2212\" data-col-size=\"md\">48,40 m\u00b2 en open space<\/td>\n<\/tr>\n<tr data-start=\"2213\" data-end=\"2320\">\n<td data-start=\"2213\" data-end=\"2247\" data-col-size=\"sm\"><strong data-start=\"2215\" data-end=\"2238\">Terrasse ext\u00e9rieure<\/strong><\/td>\n<td data-col-size=\"md\" data-start=\"2247\" data-end=\"2320\">Accessible depuis le s\u00e9jour<\/td>\n<\/tr>\n<tr data-start=\"2321\" data-end=\"2428\">\n<td data-start=\"2321\" data-end=\"2355\" data-col-size=\"sm\"><strong data-start=\"2323\" data-end=\"2341\">Salles de bain<\/strong><\/td>\n<td data-col-size=\"md\" data-start=\"2355\" data-end=\"2428\">2 au total<\/td>\n<\/tr>\n<tr data-start=\"2429\" data-end=\"2535\">\n<td data-start=\"2429\" data-end=\"2463\" data-col-size=\"sm\"><strong data-start=\"2431\" data-end=\"2461\">Surface construite estim\u00e9e<\/strong><\/td>\n<td data-col-size=\"md\" data-start=\"2463\" data-end=\"2535\">~130 m\u00b2<\/td>\n<\/tr>\n<tr data-start=\"2536\" data-end=\"2643\">\n<td data-start=\"2536\" data-end=\"2570\" data-col-size=\"sm\"><strong data-start=\"2538\" data-end=\"2567\">Co\u00fbt estim\u00e9 du gros \u0153uvre<\/strong><\/td>\n<td data-start=\"2570\" data-end=\"2643\" data-col-size=\"md\"><strong data-start=\"2572\" data-end=\"2591\">9 050 000 FCFA<\/strong> (130 m\u00b2 \u00d7 85 000 FCFA\/m\u00b2)<\/td>\n<\/tr>\n<tr data-start=\"2644\" data-end=\"2751\">\n<td data-start=\"2644\" data-end=\"2678\" data-col-size=\"sm\"><strong data-start=\"2646\" data-end=\"2655\">Style<\/strong><\/td>\n<td data-start=\"2678\" data-end=\"2751\" data-col-size=\"md\">Moderne compact, toiture terrasse, ouvertures verticales<\/td>\n<\/tr>\n<tr data-start=\"2752\" data-end=\"2859\">\n<td data-start=\"2752\" data-end=\"2786\" data-col-size=\"sm\"><strong data-start=\"2754\" data-end=\"2770\">Public cible<\/strong><\/td>\n<td data-col-size=\"md\" data-start=\"2786\" data-end=\"2859\">Couples, primo-acc\u00e9dants, retrait\u00e9s, r\u00e9sidence secondaire<\/td>\n<\/tr>\n<\/tbody>\n<\/table>\n","protected":false},"excerpt":{"rendered":"<p>Villa contemporaine de plain-pied avec 3 grandes chambres, patio, terrasse, et vaste espace de vie ouvert.<br data-start=\"285\" data-end=\"288\" \/>Un mod\u00e8le moderne, \u00e9conomique et lumineux pour un terrain de seulement 200 m\u00b2.<\/p>\n","protected":false},"featured_media":20944,"comment_status":"open","ping_status":"closed","template":"","meta":{"_glsr_average":0,"_glsr_ranking":0,"_glsr_reviews":0,"_joinchat":[]},"product_cat":[164,154,151,147],"product_tag":[],"class_list":{"0":"post-20943","1":"product","2":"type-product","3":"status-publish","4":"has-post-thumbnail","6":"product_cat-moins-de-10-millions","7":"product_cat-100-m-et-plus","8":"product_cat-3-chambres","9":"product_cat-plain-pied","10":"tm-no-options","12":"first","13":"instock","14":"sale","15":"sold-individually","16":"shipping-taxable","17":"purchasable","18":"product-type-variable","19":"add-to-wishlist-after_add_to_cart"},"_links":{"self":[{"href":"https:\/\/premierpaschezsoi.com\/w2\/wp-json\/wp\/v2\/product\/20943","targetHints":{"allow":["GET"]}}],"collection":[{"href":"https:\/\/premierpaschezsoi.com\/w2\/wp-json\/wp\/v2\/product"}],"about":[{"href":"https:\/\/premierpaschezsoi.com\/w2\/wp-json\/wp\/v2\/types\/product"}],"replies":[{"embeddable":true,"href":"https:\/\/premierpaschezsoi.com\/w2\/wp-json\/wp\/v2\/comments?post=20943"}],"version-history":[{"count":5,"href":"https:\/\/premierpaschezsoi.com\/w2\/wp-json\/wp\/v2\/product\/20943\/revisions"}],"predecessor-version":[{"id":28740,"href":"https:\/\/premierpaschezsoi.com\/w2\/wp-json\/wp\/v2\/product\/20943\/revisions\/28740"}],"wp:featuredmedia":[{"embeddable":true,"href":"https:\/\/premierpaschezsoi.com\/w2\/wp-json\/wp\/v2\/media\/20944"}],"wp:attachment":[{"href":"https:\/\/premierpaschezsoi.com\/w2\/wp-json\/wp\/v2\/media?parent=20943"}],"wp:term":[{"taxonomy":"product_cat","embeddable":true,"href":"https:\/\/premierpaschezsoi.com\/w2\/wp-json\/wp\/v2\/product_cat?post=20943"},{"taxonomy":"product_tag","embeddable":true,"href":"https:\/\/premierpaschezsoi.com\/w2\/wp-json\/wp\/v2\/product_tag?post=20943"}],"curies":[{"name":"wp","href":"https:\/\/api.w.org\/{rel}","templated":true}]}}