{"id":21602,"date":"2022-12-12T15:02:44","date_gmt":"2022-12-12T14:02:44","guid":{"rendered":"https:\/\/premierpaschezsoi.com\/w2\/?post_type=product&#038;p=21602"},"modified":"2025-12-28T15:59:23","modified_gmt":"2025-12-28T14:59:23","slug":"la-blanche-maison-175-m%c2%b2-habitable-3-chambres","status":"publish","type":"product","link":"https:\/\/premierpaschezsoi.com\/w2\/produit\/la-blanche-maison-175-m%c2%b2-habitable-3-chambres\/","title":{"rendered":"La  MAISON BLANCHE 175 M\u00b2 HABITABLE, 3 CHAMBRES"},"content":{"rendered":"<table>\n<thead>\n<tr>\n<th>\u00c9l\u00e9ment<\/th>\n<th>Caract\u00e9ristiques<\/th>\n<\/tr>\n<\/thead>\n<tbody>\n<tr>\n<td>Type de b\u00e2timent<\/td>\n<td>Villa moderne de plain-pied<\/td>\n<\/tr>\n<tr>\n<td>Nombre de niveaux<\/td>\n<td>Rez-de-chauss\u00e9e<\/td>\n<\/tr>\n<tr>\n<td>Superficie du terrain<\/td>\n<td>300 m\u00b2<\/td>\n<\/tr>\n<tr>\n<td>Salon<\/td>\n<td>1 salon lumineux<\/td>\n<\/tr>\n<tr>\n<td>Cuisine<\/td>\n<td>1 cuisine fonctionnelle<\/td>\n<\/tr>\n<tr>\n<td>Chambres<\/td>\n<td>3 chambres<\/td>\n<\/tr>\n<tr>\n<td>Salles de bain<\/td>\n<td>3 salles de bain<\/td>\n<\/tr>\n<tr>\n<td>Cour<\/td>\n<td>1 cour priv\u00e9e<\/td>\n<\/tr>\n<tr>\n<td>Stationnement<\/td>\n<td>1 parking<\/td>\n<\/tr>\n<tr>\n<td>Style architectural<\/td>\n<td>Contemporain, lignes \u00e9pur\u00e9es<\/td>\n<\/tr>\n<tr>\n<td>Usage<\/td>\n<td>R\u00e9sidence principale ou investissement locatif<\/td>\n<\/tr>\n<tr>\n<td>Niveau de complexit\u00e9<\/td>\n<td>Simple \u00e0 mod\u00e9r\u00e9 (id\u00e9al auto-construction)<\/td>\n<\/tr>\n<\/tbody>\n<\/table>\n","protected":false},"excerpt":{"rendered":"<p>Cette <strong data-start=\"563\" data-end=\"591\">villa de rez-de-chauss\u00e9e<\/strong> adopte une architecture contemporaine aux lignes \u00e9pur\u00e9es, avec une fa\u00e7ade sobre et \u00e9quilibr\u00e9e, id\u00e9ale pour un cadre urbain ou p\u00e9riurbain en Afrique. Son implantation optimise l\u2019occupation du terrain tout en pr\u00e9servant une <strong data-start=\"814\" data-end=\"829\">cour priv\u00e9e<\/strong> et un <strong data-start=\"836\" data-end=\"861\">stationnement int\u00e9gr\u00e9<\/strong>.<\/p>\n","protected":false},"featured_media":21603,"comment_status":"open","ping_status":"closed","template":"","meta":{"_glsr_average":0,"_glsr_ranking":0,"_glsr_reviews":0,"_joinchat":[]},"product_cat":[154,151,158,147],"product_tag":[],"class_list":{"0":"post-21602","1":"product","2":"type-product","3":"status-publish","4":"has-post-thumbnail","6":"product_cat-100-m-et-plus","7":"product_cat-3-chambres","8":"product_cat-moins-de-30-millions","9":"product_cat-plain-pied","10":"tm-no-options","12":"first","13":"instock","14":"sale","15":"shipping-taxable","16":"purchasable","17":"product-type-variable","18":"add-to-wishlist-after_add_to_cart"},"_links":{"self":[{"href":"https:\/\/premierpaschezsoi.com\/w2\/wp-json\/wp\/v2\/product\/21602","targetHints":{"allow":["GET"]}}],"collection":[{"href":"https:\/\/premierpaschezsoi.com\/w2\/wp-json\/wp\/v2\/product"}],"about":[{"href":"https:\/\/premierpaschezsoi.com\/w2\/wp-json\/wp\/v2\/types\/product"}],"replies":[{"embeddable":true,"href":"https:\/\/premierpaschezsoi.com\/w2\/wp-json\/wp\/v2\/comments?post=21602"}],"version-history":[{"count":3,"href":"https:\/\/premierpaschezsoi.com\/w2\/wp-json\/wp\/v2\/product\/21602\/revisions"}],"predecessor-version":[{"id":28915,"href":"https:\/\/premierpaschezsoi.com\/w2\/wp-json\/wp\/v2\/product\/21602\/revisions\/28915"}],"wp:featuredmedia":[{"embeddable":true,"href":"https:\/\/premierpaschezsoi.com\/w2\/wp-json\/wp\/v2\/media\/21603"}],"wp:attachment":[{"href":"https:\/\/premierpaschezsoi.com\/w2\/wp-json\/wp\/v2\/media?parent=21602"}],"wp:term":[{"taxonomy":"product_cat","embeddable":true,"href":"https:\/\/premierpaschezsoi.com\/w2\/wp-json\/wp\/v2\/product_cat?post=21602"},{"taxonomy":"product_tag","embeddable":true,"href":"https:\/\/premierpaschezsoi.com\/w2\/wp-json\/wp\/v2\/product_tag?post=21602"}],"curies":[{"name":"wp","href":"https:\/\/api.w.org\/{rel}","templated":true}]}}