{"id":28718,"date":"2025-12-14T17:18:33","date_gmt":"2025-12-14T16:18:33","guid":{"rendered":"https:\/\/premierpaschezsoi.com\/w2\/?post_type=product&#038;p=28718"},"modified":"2025-12-27T01:02:16","modified_gmt":"2025-12-27T00:02:16","slug":"immeuble-locstif-r2","status":"publish","type":"product","link":"https:\/\/premierpaschezsoi.com\/w2\/produit\/immeuble-locstif-r2\/","title":{"rendered":"Immeuble locatif R+2"},"content":{"rendered":"<div class=\"\" data-block=\"true\" data-editor=\"e5mtg\" data-offset-key=\"epi23-0-0\">\n<div class=\"_1mf _1mj\" data-offset-key=\"epi23-0-0\">\n<p><span style=\"text-decoration: underline\">Caract\u00e9ristiques principales<\/span><\/p>\n<\/div>\n<table class=\"w-fit min-w-(--thread-content-width)\" data-start=\"1463\" data-end=\"3317\">\n<thead data-start=\"1463\" data-end=\"1571\">\n<tr data-start=\"1463\" data-end=\"1571\">\n<th data-start=\"1463\" data-end=\"1497\" data-col-size=\"sm\">\u00c9l\u00e9ment<\/th>\n<th data-start=\"1497\" data-end=\"1571\" data-col-size=\"md\">D\u00e9tail<\/th>\n<\/tr>\n<\/thead>\n<tbody data-start=\"1681\" data-end=\"3317\">\n<tr data-start=\"1681\" data-end=\"1789\">\n<td data-start=\"1681\" data-end=\"1715\" data-col-size=\"sm\"><strong data-start=\"1683\" data-end=\"1691\">Type<\/strong><\/td>\n<td data-start=\"1715\" data-end=\"1789\" data-col-size=\"md\">Villa R+2 avec 3 appartements autonomes<\/td>\n<\/tr>\n<tr data-start=\"1790\" data-end=\"1898\">\n<td data-start=\"1790\" data-end=\"1824\" data-col-size=\"sm\"><strong data-start=\"1792\" data-end=\"1823\">Nombre total d\u2019appartements<\/strong><\/td>\n<td data-start=\"1824\" data-end=\"1898\" data-col-size=\"md\">3 (un par niveau, avec entr\u00e9e ind\u00e9pendante)<\/td>\n<\/tr>\n<tr data-start=\"1899\" data-end=\"2007\">\n<td data-start=\"1899\" data-end=\"1933\" data-col-size=\"sm\"><strong data-start=\"1901\" data-end=\"1923\">Nombre de chambres<\/strong><\/td>\n<td data-col-size=\"md\" data-start=\"1933\" data-end=\"2007\">3 chambres par appartement (9 au total)<\/td>\n<\/tr>\n<tr data-start=\"2008\" data-end=\"2116\">\n<td data-start=\"2008\" data-end=\"2042\" data-col-size=\"sm\"><strong data-start=\"2010\" data-end=\"2030\">Nombre de salons<\/strong><\/td>\n<td data-start=\"2042\" data-end=\"2116\" data-col-size=\"md\">1 salon par appartement<\/td>\n<\/tr>\n<tr data-start=\"2117\" data-end=\"2225\">\n<td data-start=\"2117\" data-end=\"2151\" data-col-size=\"sm\"><strong data-start=\"2119\" data-end=\"2130\">Cuisine<\/strong><\/td>\n<td data-col-size=\"md\" data-start=\"2151\" data-end=\"2225\">Cuisine ferm\u00e9e dans chaque logement<\/td>\n<\/tr>\n<tr data-start=\"2226\" data-end=\"2334\">\n<td data-start=\"2226\" data-end=\"2260\" data-col-size=\"sm\"><strong data-start=\"2228\" data-end=\"2241\">Buanderie<\/strong><\/td>\n<td data-start=\"2260\" data-end=\"2334\" data-col-size=\"md\">Pr\u00e9sente \u00e0 chaque niveau<\/td>\n<\/tr>\n<tr data-start=\"2335\" data-end=\"2443\">\n<td data-start=\"2335\" data-end=\"2369\" data-col-size=\"sm\"><strong data-start=\"2337\" data-end=\"2351\">Sanitaires<\/strong><\/td>\n<td data-col-size=\"md\" data-start=\"2369\" data-end=\"2443\">2 \u00e0 3 douches par appartement<\/td>\n<\/tr>\n<tr data-start=\"2444\" data-end=\"2552\">\n<td data-start=\"2444\" data-end=\"2478\" data-col-size=\"sm\"><strong data-start=\"2446\" data-end=\"2460\">Rangements<\/strong><\/td>\n<td data-col-size=\"md\" data-start=\"2478\" data-end=\"2552\">Dressings dans les suites parentales, magasins int\u00e9gr\u00e9s<\/td>\n<\/tr>\n<tr data-start=\"2553\" data-end=\"2661\">\n<td data-start=\"2553\" data-end=\"2587\" data-col-size=\"sm\"><strong data-start=\"2555\" data-end=\"2578\">Terrasses &amp; balcons<\/strong><\/td>\n<td data-col-size=\"md\" data-start=\"2587\" data-end=\"2661\">Terrasse au dernier niveau (8,01 m\u00b2), balcons aux niveaux inf\u00e9rieurs<\/td>\n<\/tr>\n<tr data-start=\"2662\" data-end=\"2770\">\n<td data-start=\"2662\" data-end=\"2696\" data-col-size=\"sm\"><strong data-start=\"2664\" data-end=\"2694\">Surface construite estim\u00e9e<\/strong><\/td>\n<td data-start=\"2696\" data-end=\"2770\" data-col-size=\"md\">Environ 360 m\u00b2<\/td>\n<\/tr>\n<tr data-start=\"2771\" data-end=\"2879\">\n<td data-start=\"2771\" data-end=\"2805\" data-col-size=\"sm\"><strong data-start=\"2773\" data-end=\"2802\">Co\u00fbt estim\u00e9 du gros \u0153uvre<\/strong><\/td>\n<td data-col-size=\"md\" data-start=\"2805\" data-end=\"2879\">Environ 30<strong>\u00a0600 000 FCFA<\/strong><\/td>\n<\/tr>\n<tr data-start=\"2880\" data-end=\"2988\">\n<td data-start=\"2880\" data-end=\"2914\" data-col-size=\"sm\"><strong data-start=\"2882\" data-end=\"2893\">Niveaux<\/strong><\/td>\n<td data-col-size=\"md\" data-start=\"2914\" data-end=\"2988\">3 (R+2)<\/td>\n<\/tr>\n<tr data-start=\"2989\" data-end=\"3097\">\n<td data-start=\"2989\" data-end=\"3023\" data-col-size=\"sm\"><strong data-start=\"2991\" data-end=\"3009\">Terrain requis<\/strong><\/td>\n<td data-col-size=\"md\" data-start=\"3023\" data-end=\"3097\">\u00a08mx19m ( environ 150 m\u00b2)<\/td>\n<\/tr>\n<tr data-start=\"3098\" data-end=\"3206\">\n<td data-start=\"3098\" data-end=\"3132\" data-col-size=\"sm\"><strong data-start=\"3100\" data-end=\"3109\">Style<\/strong><\/td>\n<td data-col-size=\"md\" data-start=\"3132\" data-end=\"3206\">Contemporain compact, toiture plate, fa\u00e7ades \u00e9quilibr\u00e9es<\/td>\n<\/tr>\n<tr data-start=\"3207\" data-end=\"3317\">\n<td data-start=\"3207\" data-end=\"3241\" data-col-size=\"sm\"><strong data-start=\"3209\" data-end=\"3225\">Public cible<\/strong><\/td>\n<td data-start=\"3241\" data-end=\"3317\" data-col-size=\"md\">Investisseurs locatifs, propri\u00e9taires bailleurs, projet urbain collectif<\/td>\n<\/tr>\n<\/tbody>\n<\/table>\n<p>&nbsp;<\/p>\n<\/div>\n","protected":false},"excerpt":{"rendered":"<p data-start=\"172\" data-end=\"348\"><strong data-start=\"172\" data-end=\"186\">Immeuble locatif R+2\u00a0<\/strong> : R\u00e9sidence locative R+2 avec 3 appartements ind\u00e9pendants de 3 chambres chacun.<br data-start=\"257\" data-end=\"260\" \/>Un mod\u00e8le con\u00e7u pour maximiser la rentabilit\u00e9 locative sur un terrain compact de 150 m\u00b2.<\/p>\n<h3 class=\"\" data-start=\"310\" data-end=\"352\"><\/h3>\n","protected":false},"featured_media":28723,"comment_status":"open","ping_status":"closed","template":"","meta":{"_glsr_average":0,"_glsr_ranking":0,"_glsr_reviews":0,"_joinchat":[]},"product_cat":[154,152,169,167,159,149],"product_tag":[],"class_list":{"0":"post-28718","1":"product","2":"type-product","3":"status-publish","4":"has-post-thumbnail","6":"product_cat-100-m-et-plus","7":"product_cat-4-chambres-et-plus","8":"product_cat-a-revenu","9":"product_cat-appartement-locatif","10":"product_cat-moins-de-50-millions","11":"product_cat-r2-et-plus","12":"tm-no-options","14":"first","15":"instock","16":"sale","17":"shipping-taxable","18":"purchasable","19":"product-type-variable","20":"add-to-wishlist-after_add_to_cart"},"_links":{"self":[{"href":"https:\/\/premierpaschezsoi.com\/w2\/wp-json\/wp\/v2\/product\/28718","targetHints":{"allow":["GET"]}}],"collection":[{"href":"https:\/\/premierpaschezsoi.com\/w2\/wp-json\/wp\/v2\/product"}],"about":[{"href":"https:\/\/premierpaschezsoi.com\/w2\/wp-json\/wp\/v2\/types\/product"}],"replies":[{"embeddable":true,"href":"https:\/\/premierpaschezsoi.com\/w2\/wp-json\/wp\/v2\/comments?post=28718"}],"version-history":[{"count":3,"href":"https:\/\/premierpaschezsoi.com\/w2\/wp-json\/wp\/v2\/product\/28718\/revisions"}],"predecessor-version":[{"id":28727,"href":"https:\/\/premierpaschezsoi.com\/w2\/wp-json\/wp\/v2\/product\/28718\/revisions\/28727"}],"wp:featuredmedia":[{"embeddable":true,"href":"https:\/\/premierpaschezsoi.com\/w2\/wp-json\/wp\/v2\/media\/28723"}],"wp:attachment":[{"href":"https:\/\/premierpaschezsoi.com\/w2\/wp-json\/wp\/v2\/media?parent=28718"}],"wp:term":[{"taxonomy":"product_cat","embeddable":true,"href":"https:\/\/premierpaschezsoi.com\/w2\/wp-json\/wp\/v2\/product_cat?post=28718"},{"taxonomy":"product_tag","embeddable":true,"href":"https:\/\/premierpaschezsoi.com\/w2\/wp-json\/wp\/v2\/product_tag?post=28718"}],"curies":[{"name":"wp","href":"https:\/\/api.w.org\/{rel}","templated":true}]}}