{"id":28762,"date":"2025-12-14T19:02:06","date_gmt":"2025-12-14T18:02:06","guid":{"rendered":"https:\/\/premierpaschezsoi.com\/w2\/?post_type=product&#038;p=28762"},"modified":"2025-12-14T19:30:33","modified_gmt":"2025-12-14T18:30:33","slug":"villa-yoda_residence-familiale-contemporaine-en-r1-2","status":"publish","type":"product","link":"https:\/\/premierpaschezsoi.com\/w2\/produit\/villa-yoda_residence-familiale-contemporaine-en-r1-2\/","title":{"rendered":"Villa R+1 SEMI-\u00c9TAG\u00c9E SUR TERRAIN DE 5OOm2"},"content":{"rendered":"<div class=\"\" data-block=\"true\" data-editor=\"e5mtg\" data-offset-key=\"epi23-0-0\">\n<div class=\"_1mf _1mj\" data-offset-key=\"epi23-0-0\">\n<p><span style=\"text-decoration: underline\">Caract\u00e9ristiques principales<\/span><\/p>\n<table class=\"w-fit min-w-(--thread-content-width)\" data-start=\"1456\" data-end=\"2806\">\n<thead data-start=\"1456\" data-end=\"1545\">\n<tr data-start=\"1456\" data-end=\"1545\">\n<th data-start=\"1456\" data-end=\"1491\" data-col-size=\"sm\">\u00c9l\u00e9ment<\/th>\n<th data-start=\"1491\" data-end=\"1545\" data-col-size=\"md\">D\u00e9tail<\/th>\n<\/tr>\n<\/thead>\n<tbody data-start=\"1636\" data-end=\"2806\">\n<tr data-start=\"1636\" data-end=\"1725\">\n<td data-start=\"1636\" data-end=\"1671\" data-col-size=\"sm\"><strong data-start=\"1638\" data-end=\"1646\">Type<\/strong><\/td>\n<td data-start=\"1671\" data-end=\"1725\" data-col-size=\"md\">Maison \u00e0 \u00e9tage (R+1)<\/td>\n<\/tr>\n<tr data-start=\"1726\" data-end=\"1815\">\n<td data-start=\"1726\" data-end=\"1761\" data-col-size=\"sm\"><strong data-start=\"1728\" data-end=\"1756\">Surface habitable totale<\/strong><\/td>\n<td data-start=\"1761\" data-end=\"1815\" data-col-size=\"md\">418,27 m\u00b2<\/td>\n<\/tr>\n<tr data-start=\"1816\" data-end=\"1905\">\n<td data-start=\"1816\" data-end=\"1851\" data-col-size=\"sm\"><strong data-start=\"1818\" data-end=\"1837\">Rez-de-chauss\u00e9e<\/strong><\/td>\n<td data-start=\"1851\" data-end=\"1905\" data-col-size=\"md\">208,65 m\u00b2<\/td>\n<\/tr>\n<tr data-start=\"1906\" data-end=\"1995\">\n<td data-start=\"1906\" data-end=\"1941\" data-col-size=\"sm\"><strong data-start=\"1908\" data-end=\"1915\">R+1<\/strong><\/td>\n<td data-start=\"1941\" data-end=\"1995\" data-col-size=\"md\">209,62 m\u00b2<\/td>\n<\/tr>\n<tr data-start=\"1996\" data-end=\"2085\">\n<td data-start=\"1996\" data-end=\"2031\" data-col-size=\"sm\"><strong data-start=\"1998\" data-end=\"2020\">Nombre de chambres<\/strong><\/td>\n<td data-start=\"2031\" data-end=\"2085\" data-col-size=\"md\">3 (dont 1 au RDC et 2 \u00e0 l\u2019\u00e9tage avec dressing)<\/td>\n<\/tr>\n<tr data-start=\"2086\" data-end=\"2175\">\n<td data-start=\"2086\" data-end=\"2121\" data-col-size=\"sm\"><strong data-start=\"2088\" data-end=\"2116\">Nombre de salles de bain<\/strong><\/td>\n<td data-start=\"2121\" data-end=\"2175\" data-col-size=\"md\">3<\/td>\n<\/tr>\n<tr data-start=\"2176\" data-end=\"2265\">\n<td data-start=\"2176\" data-end=\"2211\" data-col-size=\"sm\"><strong data-start=\"2178\" data-end=\"2189\">Cuisine<\/strong><\/td>\n<td data-start=\"2211\" data-end=\"2265\" data-col-size=\"md\">Ferm\u00e9e<\/td>\n<\/tr>\n<tr data-start=\"2266\" data-end=\"2355\">\n<td data-start=\"2266\" data-end=\"2301\" data-col-size=\"sm\"><strong data-start=\"2268\" data-end=\"2278\">Garage<\/strong><\/td>\n<td data-start=\"2301\" data-end=\"2355\" data-col-size=\"md\">Oui (ferm\u00e9)<\/td>\n<\/tr>\n<tr data-start=\"2356\" data-end=\"2445\">\n<td data-start=\"2356\" data-end=\"2391\" data-col-size=\"sm\"><strong data-start=\"2358\" data-end=\"2370\">Terrasse<\/strong><\/td>\n<td data-start=\"2391\" data-end=\"2445\" data-col-size=\"md\">Oui (\u00e0 l\u2019\u00e9tage)<\/td>\n<\/tr>\n<tr data-start=\"2446\" data-end=\"2535\">\n<td data-start=\"2446\" data-end=\"2481\" data-col-size=\"sm\"><strong data-start=\"2448\" data-end=\"2457\">Style<\/strong><\/td>\n<td data-start=\"2481\" data-end=\"2535\" data-col-size=\"md\">Moderne<\/td>\n<\/tr>\n<tr data-start=\"2536\" data-end=\"2625\">\n<td data-start=\"2536\" data-end=\"2571\" data-col-size=\"sm\"><strong data-start=\"2538\" data-end=\"2560\">Terrain recommand\u00e9<\/strong><\/td>\n<td data-start=\"2571\" data-end=\"2625\" data-col-size=\"md\">20 m x 25 m (\u2248 500 m\u00b2)<\/td>\n<\/tr>\n<tr data-start=\"2626\" data-end=\"2716\">\n<td data-start=\"2626\" data-end=\"2662\" data-col-size=\"sm\"><strong data-start=\"2628\" data-end=\"2644\">Public cible<\/strong><\/td>\n<td data-start=\"2662\" data-end=\"2716\" data-col-size=\"md\">Familles, investisseurs, propri\u00e9taires diaspora<\/td>\n<\/tr>\n<tr data-start=\"2717\" data-end=\"2806\">\n<td data-start=\"2717\" data-end=\"2752\" data-col-size=\"sm\"><strong data-start=\"2719\" data-end=\"2748\">Co\u00fbt estim\u00e9 du gros \u0153uvre<\/strong><\/td>\n<td data-start=\"2752\" data-end=\"2806\" data-col-size=\"md\"><strong data-start=\"2754\" data-end=\"2773\">35 552 950 FCFA<\/strong> (418,27 m\u00b2 \u00d7 85 000 FCFA\/m\u00b2)<\/td>\n<\/tr>\n<\/tbody>\n<\/table>\n<\/div>\n<\/div>\n","protected":false},"excerpt":{"rendered":"<p>La villa est une \u00e9l\u00e9gante maison \u00e0 \u00e9tage con\u00e7ue pour offrir espace et confort dans un style architectural moderne. Avec ses <strong data-start=\"403\" data-end=\"424\">418 m\u00b2 habitables<\/strong> et ses grands volumes, elle allie esth\u00e9tique et fonctionnalit\u00e9, id\u00e9ale pour les familles recherchant une r\u00e9sidence haut de gamme.<\/p>\n","protected":false},"featured_media":28779,"comment_status":"open","ping_status":"closed","template":"","meta":{"_glsr_average":0,"_glsr_ranking":0,"_glsr_reviews":0,"_joinchat":[]},"product_cat":[154,151,148,159],"product_tag":[],"class_list":{"0":"post-28762","1":"product","2":"type-product","3":"status-publish","4":"has-post-thumbnail","6":"product_cat-100-m-et-plus","7":"product_cat-3-chambres","8":"product_cat-duplex","9":"product_cat-moins-de-50-millions","10":"tm-no-options","12":"first","13":"instock","14":"sale","15":"shipping-taxable","16":"purchasable","17":"product-type-variable","18":"add-to-wishlist-after_add_to_cart"},"_links":{"self":[{"href":"https:\/\/premierpaschezsoi.com\/w2\/wp-json\/wp\/v2\/product\/28762","targetHints":{"allow":["GET"]}}],"collection":[{"href":"https:\/\/premierpaschezsoi.com\/w2\/wp-json\/wp\/v2\/product"}],"about":[{"href":"https:\/\/premierpaschezsoi.com\/w2\/wp-json\/wp\/v2\/types\/product"}],"replies":[{"embeddable":true,"href":"https:\/\/premierpaschezsoi.com\/w2\/wp-json\/wp\/v2\/comments?post=28762"}],"version-history":[{"count":3,"href":"https:\/\/premierpaschezsoi.com\/w2\/wp-json\/wp\/v2\/product\/28762\/revisions"}],"predecessor-version":[{"id":28784,"href":"https:\/\/premierpaschezsoi.com\/w2\/wp-json\/wp\/v2\/product\/28762\/revisions\/28784"}],"wp:featuredmedia":[{"embeddable":true,"href":"https:\/\/premierpaschezsoi.com\/w2\/wp-json\/wp\/v2\/media\/28779"}],"wp:attachment":[{"href":"https:\/\/premierpaschezsoi.com\/w2\/wp-json\/wp\/v2\/media?parent=28762"}],"wp:term":[{"taxonomy":"product_cat","embeddable":true,"href":"https:\/\/premierpaschezsoi.com\/w2\/wp-json\/wp\/v2\/product_cat?post=28762"},{"taxonomy":"product_tag","embeddable":true,"href":"https:\/\/premierpaschezsoi.com\/w2\/wp-json\/wp\/v2\/product_tag?post=28762"}],"curies":[{"name":"wp","href":"https:\/\/api.w.org\/{rel}","templated":true}]}}