{"id":28793,"date":"2025-12-19T22:45:25","date_gmt":"2025-12-19T21:45:25","guid":{"rendered":"https:\/\/premierpaschezsoi.com\/w2\/?post_type=product&#038;p=28793"},"modified":"2025-12-19T22:52:03","modified_gmt":"2025-12-19T21:52:03","slug":"villa-zongo-plain-pied-3-chambres","status":"publish","type":"product","link":"https:\/\/premierpaschezsoi.com\/w2\/produit\/villa-zongo-plain-pied-3-chambres\/","title":{"rendered":"VILLA ZONGO PLAIN PIED 3 CHAMBRES"},"content":{"rendered":"<div class=\"\" data-block=\"true\" data-editor=\"e5mtg\" data-offset-key=\"epi23-0-0\">\n<div class=\"_1mf _1mj\" data-offset-key=\"epi23-0-0\">\n<p><span style=\"text-decoration: underline\">Caract\u00e9ristiques principales<\/span><\/p>\n<table class=\"w-fit min-w-(--thread-content-width)\" style=\"height: 424px\" width=\"736\" data-start=\"1420\" data-end=\"2070\">\n<thead data-start=\"1420\" data-end=\"1440\">\n<tr data-start=\"1420\" data-end=\"1440\">\n<th data-start=\"1420\" data-end=\"1430\" data-col-size=\"sm\">\u00c9l\u00e9ment<\/th>\n<th data-start=\"1430\" data-end=\"1440\" data-col-size=\"md\">D\u00e9tail<\/th>\n<\/tr>\n<\/thead>\n<tbody data-start=\"1461\" data-end=\"2070\">\n<tr data-start=\"1461\" data-end=\"1493\">\n<td data-start=\"1461\" data-end=\"1472\" data-col-size=\"sm\"><strong data-start=\"1463\" data-end=\"1471\">Type<\/strong><\/td>\n<td data-start=\"1472\" data-end=\"1493\" data-col-size=\"md\">Maison plain-pied<\/td>\n<\/tr>\n<tr data-start=\"1494\" data-end=\"1533\">\n<td data-start=\"1494\" data-end=\"1519\" data-col-size=\"sm\"><strong data-start=\"1496\" data-end=\"1518\">Nombre de chambres<\/strong><\/td>\n<td data-start=\"1519\" data-end=\"1533\" data-col-size=\"md\">3 chambres<\/td>\n<\/tr>\n<tr data-start=\"1534\" data-end=\"1585\">\n<td data-start=\"1534\" data-end=\"1565\" data-col-size=\"sm\"><strong data-start=\"1536\" data-end=\"1564\">Nombre de salles de bain<\/strong><\/td>\n<td data-start=\"1565\" data-end=\"1585\" data-col-size=\"md\">2 salles de bain<\/td>\n<\/tr>\n<tr data-start=\"1586\" data-end=\"1620\">\n<td data-start=\"1586\" data-end=\"1610\" data-col-size=\"sm\"><strong data-start=\"1588\" data-end=\"1609\">Surface habitable<\/strong><\/td>\n<td data-start=\"1610\" data-end=\"1620\" data-col-size=\"md\">155 m\u00b2<\/td>\n<\/tr>\n<tr data-start=\"1621\" data-end=\"1645\">\n<td data-start=\"1621\" data-end=\"1633\" data-col-size=\"sm\"><strong data-start=\"1623\" data-end=\"1632\">Salon<\/strong><\/td>\n<td data-start=\"1633\" data-end=\"1645\" data-col-size=\"md\">27,46 m\u00b2<\/td>\n<\/tr>\n<tr data-start=\"1646\" data-end=\"1679\">\n<td data-start=\"1646\" data-end=\"1667\" data-col-size=\"sm\"><strong data-start=\"1648\" data-end=\"1666\">Salle \u00e0 manger<\/strong><\/td>\n<td data-start=\"1667\" data-end=\"1679\" data-col-size=\"md\">15,04 m\u00b2<\/td>\n<\/tr>\n<tr data-start=\"1680\" data-end=\"1714\">\n<td data-start=\"1680\" data-end=\"1702\" data-col-size=\"sm\"><strong data-start=\"1682\" data-end=\"1701\">Cuisine ouverte<\/strong><\/td>\n<td data-start=\"1702\" data-end=\"1714\" data-col-size=\"md\">13,79 m\u00b2<\/td>\n<\/tr>\n<tr data-start=\"1715\" data-end=\"1804\">\n<td data-start=\"1715\" data-end=\"1730\" data-col-size=\"sm\"><strong data-start=\"1717\" data-end=\"1729\">Chambres<\/strong><\/td>\n<td data-start=\"1730\" data-end=\"1804\" data-col-size=\"md\">Suite parentale (27,62 m\u00b2), chambre 1 (12,51 m\u00b2), chambre 2 (15,44 m\u00b2)<\/td>\n<\/tr>\n<tr data-start=\"1805\" data-end=\"1838\">\n<td data-start=\"1805\" data-end=\"1830\" data-col-size=\"sm\"><strong data-start=\"1807\" data-end=\"1829\">Espaces ext\u00e9rieurs<\/strong><\/td>\n<td data-start=\"1830\" data-end=\"1838\" data-col-size=\"md\">Cour<\/td>\n<\/tr>\n<tr data-start=\"1839\" data-end=\"1871\">\n<td data-start=\"1839\" data-end=\"1851\" data-col-size=\"sm\"><strong data-start=\"1841\" data-end=\"1850\">Style<\/strong><\/td>\n<td data-start=\"1851\" data-end=\"1871\" data-col-size=\"md\">Moderne et sobre<\/td>\n<\/tr>\n<tr data-start=\"1872\" data-end=\"1940\">\n<td data-start=\"1872\" data-end=\"1891\" data-col-size=\"sm\"><strong data-start=\"1874\" data-end=\"1890\">Public cible<\/strong><\/td>\n<td data-start=\"1891\" data-end=\"1940\" data-col-size=\"md\">Familles, r\u00e9sidences secondaires ou locations<\/td>\n<\/tr>\n<tr data-start=\"1941\" data-end=\"1988\">\n<td data-start=\"1941\" data-end=\"1970\" data-col-size=\"sm\"><strong data-start=\"1943\" data-end=\"1969\">Terrain minimum requis<\/strong><\/td>\n<td data-start=\"1970\" data-end=\"1988\" data-col-size=\"md\">Environ 300 m\u00b2<\/td>\n<\/tr>\n<tr data-start=\"1989\" data-end=\"2070\">\n<td data-start=\"1989\" data-end=\"2021\" data-col-size=\"sm\"><strong data-start=\"1991\" data-end=\"2020\">Co\u00fbt estim\u00e9 du gros \u0153uvre<\/strong><\/td>\n<td data-start=\"2021\" data-end=\"2070\" data-col-size=\"md\"><strong data-start=\"2023\" data-end=\"2042\">13 175 000 FCFA<\/strong> (bas\u00e9 sur 85 000 FCFA \/ m\u00b2)<\/td>\n<\/tr>\n<\/tbody>\n<\/table>\n<\/div>\n<\/div>\n","protected":false},"excerpt":{"rendered":"<p><strong data-start=\"155\" data-end=\"215\">Plain-pied moderne avec 3 chambres sur 155 m\u00b2 habitables<br \/>\n<\/strong><br \/>\nUn mod\u00e8le compact et fonctionnel, id\u00e9al pour les familles ou r\u00e9sidences secondaires. La Villa Zongo allie simplicit\u00e9, modernit\u00e9 et confort, sur un seul niveau bien pens\u00e9.<\/p>\n","protected":false},"featured_media":28804,"comment_status":"open","ping_status":"closed","template":"","meta":{"_glsr_average":0,"_glsr_ranking":0,"_glsr_reviews":0,"_joinchat":[]},"product_cat":[157,154,151,147],"product_tag":[],"class_list":{"0":"post-28793","1":"product","2":"type-product","3":"status-publish","4":"has-post-thumbnail","6":"product_cat-moins-de-15-millions","7":"product_cat-100-m-et-plus","8":"product_cat-3-chambres","9":"product_cat-plain-pied","10":"tm-no-options","12":"first","13":"instock","14":"sale","15":"shipping-taxable","16":"purchasable","17":"product-type-variable","18":"add-to-wishlist-after_add_to_cart"},"_links":{"self":[{"href":"https:\/\/premierpaschezsoi.com\/w2\/wp-json\/wp\/v2\/product\/28793","targetHints":{"allow":["GET"]}}],"collection":[{"href":"https:\/\/premierpaschezsoi.com\/w2\/wp-json\/wp\/v2\/product"}],"about":[{"href":"https:\/\/premierpaschezsoi.com\/w2\/wp-json\/wp\/v2\/types\/product"}],"replies":[{"embeddable":true,"href":"https:\/\/premierpaschezsoi.com\/w2\/wp-json\/wp\/v2\/comments?post=28793"}],"version-history":[{"count":1,"href":"https:\/\/premierpaschezsoi.com\/w2\/wp-json\/wp\/v2\/product\/28793\/revisions"}],"predecessor-version":[{"id":28805,"href":"https:\/\/premierpaschezsoi.com\/w2\/wp-json\/wp\/v2\/product\/28793\/revisions\/28805"}],"wp:featuredmedia":[{"embeddable":true,"href":"https:\/\/premierpaschezsoi.com\/w2\/wp-json\/wp\/v2\/media\/28804"}],"wp:attachment":[{"href":"https:\/\/premierpaschezsoi.com\/w2\/wp-json\/wp\/v2\/media?parent=28793"}],"wp:term":[{"taxonomy":"product_cat","embeddable":true,"href":"https:\/\/premierpaschezsoi.com\/w2\/wp-json\/wp\/v2\/product_cat?post=28793"},{"taxonomy":"product_tag","embeddable":true,"href":"https:\/\/premierpaschezsoi.com\/w2\/wp-json\/wp\/v2\/product_tag?post=28793"}],"curies":[{"name":"wp","href":"https:\/\/api.w.org\/{rel}","templated":true}]}}