{"id":28892,"date":"2025-12-27T01:57:12","date_gmt":"2025-12-27T00:57:12","guid":{"rendered":"https:\/\/premierpaschezsoi.com\/w2\/?post_type=product&#038;p=28892"},"modified":"2025-12-28T16:05:15","modified_gmt":"2025-12-28T15:05:15","slug":"immeuble-r2-6-chambres-2-salons-rooftop-sur-600m2","status":"publish","type":"product","link":"https:\/\/premierpaschezsoi.com\/w2\/produit\/immeuble-r2-6-chambres-2-salons-rooftop-sur-600m2\/","title":{"rendered":"Immeuble R+2  6 chambres, 2 salons, Rooftop sur 600m2"},"content":{"rendered":"<div class=\"\" data-block=\"true\" data-editor=\"e5mtg\" data-offset-key=\"epi23-0-0\">\n<div class=\"_1mf _1mj\" data-offset-key=\"epi23-0-0\">\n<p><span style=\"text-decoration: underline\">Caract\u00e9ristiques principales<\/span><\/p>\n<\/div>\n<table class=\"w-fit min-w-(--thread-content-width)\" data-start=\"1840\" data-end=\"2727\">\n<thead data-start=\"1840\" data-end=\"1870\">\n<tr data-start=\"1840\" data-end=\"1870\">\n<th data-start=\"1840\" data-end=\"1850\" data-col-size=\"sm\">\u00c9l\u00e9ment<\/th>\n<th data-start=\"1850\" data-end=\"1870\" data-col-size=\"md\">Caract\u00e9ristiques<\/th>\n<\/tr>\n<\/thead>\n<tbody data-start=\"1897\" data-end=\"2727\">\n<tr data-start=\"1897\" data-end=\"1950\">\n<td data-start=\"1897\" data-end=\"1914\" data-col-size=\"sm\">Type de projet<\/td>\n<td data-col-size=\"md\" data-start=\"1914\" data-end=\"1950\">Villa r\u00e9sidentielle individuelle<\/td>\n<\/tr>\n<tr data-start=\"1951\" data-end=\"1978\">\n<td data-start=\"1951\" data-end=\"1971\" data-col-size=\"sm\">Nombre de niveaux<\/td>\n<td data-col-size=\"md\" data-start=\"1971\" data-end=\"1978\">R+2<\/td>\n<\/tr>\n<tr data-start=\"1979\" data-end=\"2013\">\n<td data-start=\"1979\" data-end=\"2003\" data-col-size=\"sm\">Superficie du terrain<\/td>\n<td data-col-size=\"md\" data-start=\"2003\" data-end=\"2013\">600 m\u00b2<\/td>\n<\/tr>\n<tr data-start=\"2014\" data-end=\"2103\">\n<td data-start=\"2014\" data-end=\"2033\" data-col-size=\"sm\">Organisation RDC<\/td>\n<td data-col-size=\"md\" data-start=\"2033\" data-end=\"2103\">2 salons, salle \u00e0 manger, cuisine, bureau, buanderie, WC visiteurs<\/td>\n<\/tr>\n<tr data-start=\"2104\" data-end=\"2154\">\n<td data-start=\"2104\" data-end=\"2125\" data-col-size=\"sm\">Espaces ext\u00e9rieurs<\/td>\n<td data-col-size=\"md\" data-start=\"2125\" data-end=\"2154\">Terrasse, jardin, piscine<\/td>\n<\/tr>\n<tr data-start=\"2155\" data-end=\"2247\">\n<td data-start=\"2155\" data-end=\"2174\" data-col-size=\"sm\">Organisation R+1<\/td>\n<td data-col-size=\"md\" data-start=\"2174\" data-end=\"2247\">Suite parentale, chambres secondaires, salles de bain, salon familial<\/td>\n<\/tr>\n<tr data-start=\"2248\" data-end=\"2318\">\n<td data-start=\"2248\" data-end=\"2267\" data-col-size=\"sm\">Organisation R+2<\/td>\n<td data-col-size=\"md\" data-start=\"2267\" data-end=\"2318\">Salle de sport, buvette \/ bar, terrasse pergola<\/td>\n<\/tr>\n<tr data-start=\"2319\" data-end=\"2354\">\n<td data-start=\"2319\" data-end=\"2340\" data-col-size=\"sm\">Nombre de chambres<\/td>\n<td data-col-size=\"md\" data-start=\"2340\" data-end=\"2354\">5 chambres<\/td>\n<\/tr>\n<tr data-start=\"2355\" data-end=\"2397\">\n<td data-start=\"2355\" data-end=\"2373\" data-col-size=\"sm\">Suite parentale<\/td>\n<td data-col-size=\"md\" data-start=\"2373\" data-end=\"2397\">Oui (dressing + SDB)<\/td>\n<\/tr>\n<tr data-start=\"2398\" data-end=\"2444\">\n<td data-start=\"2398\" data-end=\"2419\" data-col-size=\"sm\">Espaces de loisirs<\/td>\n<td data-col-size=\"md\" data-start=\"2419\" data-end=\"2444\">Oui (sport + rooftop)<\/td>\n<\/tr>\n<tr data-start=\"2445\" data-end=\"2483\">\n<td data-start=\"2445\" data-end=\"2461\" data-col-size=\"sm\">Stationnement<\/td>\n<td data-col-size=\"md\" data-start=\"2461\" data-end=\"2483\">Oui (sur parcelle)<\/td>\n<\/tr>\n<tr data-start=\"2484\" data-end=\"2540\">\n<td data-start=\"2484\" data-end=\"2502\" data-col-size=\"sm\">Usage principal<\/td>\n<td data-col-size=\"md\" data-start=\"2502\" data-end=\"2540\">R\u00e9sidence principale haut standing<\/td>\n<\/tr>\n<tr data-start=\"2541\" data-end=\"2591\">\n<td data-start=\"2541\" data-end=\"2562\" data-col-size=\"sm\">Niveau de standing<\/td>\n<td data-col-size=\"md\" data-start=\"2562\" data-end=\"2591\">Haut standing r\u00e9sidentiel<\/td>\n<\/tr>\n<tr data-start=\"2592\" data-end=\"2655\">\n<td data-start=\"2592\" data-end=\"2629\" data-col-size=\"sm\"><strong data-start=\"2594\" data-end=\"2628\">Co\u00fbt estimatif de construction<\/strong><\/td>\n<td data-col-size=\"md\" data-start=\"2629\" data-end=\"2655\"><strong data-start=\"2631\" data-end=\"2653\">\u2248 300 000 000 FCFA<\/strong><\/td>\n<\/tr>\n<tr data-start=\"2656\" data-end=\"2727\">\n<td data-start=\"2656\" data-end=\"2696\" data-col-size=\"sm\"><strong data-start=\"2658\" data-end=\"2695\">Valeur locative mensuelle estim\u00e9e<\/strong><\/td>\n<td data-col-size=\"md\" data-start=\"2696\" data-end=\"2727\"><strong data-start=\"2698\" data-end=\"2725\">\u2248 2 500 000 FCFA \/ mois<\/strong><\/td>\n<\/tr>\n<\/tbody>\n<\/table>\n<\/div>\n","protected":false},"excerpt":{"rendered":"<p data-start=\"172\" data-end=\"348\">Cette <strong data-start=\"417\" data-end=\"444\">villa r\u00e9sidentielle R+2<\/strong> offre un cadre de vie haut standing alliant espaces g\u00e9n\u00e9reux, confort familial et loisirs priv\u00e9s. Con\u00e7ue pour une grande parcelle de 600 m\u00b2, elle int\u00e8gre jardin, piscine et espaces de d\u00e9tente, id\u00e9ale comme r\u00e9sidence principale premium.<\/p>\n","protected":false},"featured_media":28903,"comment_status":"open","ping_status":"closed","template":"","meta":{"_glsr_average":0,"_glsr_ranking":0,"_glsr_reviews":0,"_joinchat":[]},"product_cat":[166,154,152,149],"product_tag":[],"class_list":{"0":"post-28892","1":"product","2":"type-product","3":"status-publish","4":"has-post-thumbnail","6":"product_cat-plus-de-100-millions","7":"product_cat-100-m-et-plus","8":"product_cat-4-chambres-et-plus","9":"product_cat-r2-et-plus","10":"tm-no-options","12":"first","13":"instock","14":"sale","15":"shipping-taxable","16":"purchasable","17":"product-type-variable","18":"add-to-wishlist-after_add_to_cart"},"_links":{"self":[{"href":"https:\/\/premierpaschezsoi.com\/w2\/wp-json\/wp\/v2\/product\/28892","targetHints":{"allow":["GET"]}}],"collection":[{"href":"https:\/\/premierpaschezsoi.com\/w2\/wp-json\/wp\/v2\/product"}],"about":[{"href":"https:\/\/premierpaschezsoi.com\/w2\/wp-json\/wp\/v2\/types\/product"}],"replies":[{"embeddable":true,"href":"https:\/\/premierpaschezsoi.com\/w2\/wp-json\/wp\/v2\/comments?post=28892"}],"version-history":[{"count":1,"href":"https:\/\/premierpaschezsoi.com\/w2\/wp-json\/wp\/v2\/product\/28892\/revisions"}],"predecessor-version":[{"id":28913,"href":"https:\/\/premierpaschezsoi.com\/w2\/wp-json\/wp\/v2\/product\/28892\/revisions\/28913"}],"wp:featuredmedia":[{"embeddable":true,"href":"https:\/\/premierpaschezsoi.com\/w2\/wp-json\/wp\/v2\/media\/28903"}],"wp:attachment":[{"href":"https:\/\/premierpaschezsoi.com\/w2\/wp-json\/wp\/v2\/media?parent=28892"}],"wp:term":[{"taxonomy":"product_cat","embeddable":true,"href":"https:\/\/premierpaschezsoi.com\/w2\/wp-json\/wp\/v2\/product_cat?post=28892"},{"taxonomy":"product_tag","embeddable":true,"href":"https:\/\/premierpaschezsoi.com\/w2\/wp-json\/wp\/v2\/product_tag?post=28892"}],"curies":[{"name":"wp","href":"https:\/\/api.w.org\/{rel}","templated":true}]}}