{"id":29076,"date":"2026-01-13T21:20:34","date_gmt":"2026-01-13T20:20:34","guid":{"rendered":"https:\/\/premierpaschezsoi.com\/w2\/?post_type=product&#038;p=29076"},"modified":"2026-01-13T21:47:05","modified_gmt":"2026-01-13T20:47:05","slug":"villa-recreative-r1-4-chambres-5-salles-de-bain","status":"publish","type":"product","link":"https:\/\/premierpaschezsoi.com\/w2\/produit\/villa-recreative-r1-4-chambres-5-salles-de-bain\/","title":{"rendered":"VILLA R\u00c9CR\u00c9ATIVE R+1 \u2013 4 CHAMBRES | 5 SALLES DE BAIN"},"content":{"rendered":"<h3 data-start=\"1729\" data-end=\"1768\"><strong data-start=\"1736\" data-end=\"1768\">Caract\u00e9ristiques principales<\/strong><\/h3>\n<div class=\"TyagGW_tableContainer\">\n<div class=\"group TyagGW_tableWrapper flex flex-col-reverse w-fit\">\n<table class=\"w-fit min-w-(--thread-content-width)\" data-start=\"1770\" data-end=\"3747\">\n<thead data-start=\"1770\" data-end=\"1879\">\n<tr data-start=\"1770\" data-end=\"1879\">\n<th data-start=\"1770\" data-end=\"1805\" data-col-size=\"sm\">\u00c9l\u00e9ment<\/th>\n<th data-start=\"1805\" data-end=\"1879\" data-col-size=\"md\">D\u00e9tail<\/th>\n<\/tr>\n<\/thead>\n<tbody data-start=\"1990\" data-end=\"3747\">\n<tr data-start=\"1990\" data-end=\"2099\">\n<td data-start=\"1990\" data-end=\"2025\" data-col-size=\"sm\"><strong data-start=\"1992\" data-end=\"2000\">Type<\/strong><\/td>\n<td data-start=\"2025\" data-end=\"2099\" data-col-size=\"md\">Villa r\u00e9sidentielle R+1 (avec piscine)<\/td>\n<\/tr>\n<tr data-start=\"2100\" data-end=\"2208\">\n<td data-start=\"2100\" data-end=\"2135\" data-col-size=\"sm\"><strong data-start=\"2102\" data-end=\"2120\">Surface totale<\/strong><\/td>\n<td data-start=\"2135\" data-end=\"2208\" data-col-size=\"md\">745 m\u00b2 habitables (372,54 m\u00b2 par niveau)<\/td>\n<\/tr>\n<tr data-start=\"2209\" data-end=\"2318\">\n<td data-start=\"2209\" data-end=\"2244\" data-col-size=\"sm\"><strong data-start=\"2211\" data-end=\"2239\">Nombre total de chambres<\/strong><\/td>\n<td data-start=\"2244\" data-end=\"2318\" data-col-size=\"md\">4 (1 au RDC, 3 \u00e0 l\u2019\u00e9tage)<\/td>\n<\/tr>\n<tr data-start=\"2319\" data-end=\"2428\">\n<td data-start=\"2319\" data-end=\"2354\" data-col-size=\"sm\"><strong data-start=\"2321\" data-end=\"2341\">Nombre de salons<\/strong><\/td>\n<td data-start=\"2354\" data-end=\"2428\" data-col-size=\"md\">1 grand salon au rez-de-chauss\u00e9e (60,69 m\u00b2)<\/td>\n<\/tr>\n<tr data-start=\"2429\" data-end=\"2538\">\n<td data-start=\"2429\" data-end=\"2464\" data-col-size=\"sm\"><strong data-start=\"2431\" data-end=\"2459\">Cuisine \/ Salle \u00e0 manger<\/strong><\/td>\n<td data-start=\"2464\" data-end=\"2538\" data-col-size=\"md\">Cuisine ouverte (11,31 m\u00b2) + SAM (14,40 m\u00b2)<\/td>\n<\/tr>\n<tr data-start=\"2539\" data-end=\"2648\">\n<td data-start=\"2539\" data-end=\"2574\" data-col-size=\"sm\"><strong data-start=\"2541\" data-end=\"2563\">Chambre principale<\/strong><\/td>\n<td data-start=\"2574\" data-end=\"2648\" data-col-size=\"md\">55,75 m\u00b2 avec salle d\u2019eau et dressing<\/td>\n<\/tr>\n<tr data-start=\"2649\" data-end=\"2758\">\n<td data-start=\"2649\" data-end=\"2684\" data-col-size=\"sm\"><strong data-start=\"2651\" data-end=\"2670\">Autres chambres<\/strong><\/td>\n<td data-start=\"2684\" data-end=\"2758\" data-col-size=\"md\">24,48 m\u00b2 et 20,20 m\u00b2 (\u00e9tage) + 32,28 m\u00b2 (RDC)<\/td>\n<\/tr>\n<tr data-start=\"2759\" data-end=\"2868\">\n<td data-start=\"2759\" data-end=\"2794\" data-col-size=\"sm\"><strong data-start=\"2761\" data-end=\"2775\">Sanitaires<\/strong><\/td>\n<td data-start=\"2794\" data-end=\"2868\" data-col-size=\"md\">4 salles de bain + toilettes visiteurs<\/td>\n<\/tr>\n<tr data-start=\"2869\" data-end=\"2979\">\n<td data-start=\"2869\" data-end=\"2904\" data-col-size=\"sm\"><strong data-start=\"2871\" data-end=\"2882\">Magasin<\/strong><\/td>\n<td data-start=\"2904\" data-end=\"2979\" data-col-size=\"md\">6,32 m\u00b2<\/td>\n<\/tr>\n<tr data-start=\"2980\" data-end=\"3089\">\n<td data-start=\"2980\" data-end=\"3015\" data-col-size=\"sm\"><strong data-start=\"2982\" data-end=\"3005\">Terrasses &amp; balcons<\/strong><\/td>\n<td data-start=\"3015\" data-end=\"3089\" data-col-size=\"md\">2 terrasses au RDC + balcons \u00e0 l\u2019\u00e9tage<\/td>\n<\/tr>\n<tr data-start=\"3090\" data-end=\"3199\">\n<td data-start=\"3090\" data-end=\"3125\" data-col-size=\"sm\"><strong data-start=\"3092\" data-end=\"3102\">Garage<\/strong><\/td>\n<td data-start=\"3125\" data-end=\"3199\" data-col-size=\"md\">ouvert et couvert, 3 voitures<\/td>\n<\/tr>\n<tr data-start=\"3200\" data-end=\"3309\">\n<td data-start=\"3200\" data-end=\"3235\" data-col-size=\"sm\"><strong data-start=\"3202\" data-end=\"3213\">Piscine<\/strong><\/td>\n<td data-start=\"3235\" data-end=\"3309\" data-col-size=\"md\">Espace pr\u00e9vu pour piscine privative<\/td>\n<\/tr>\n<tr data-start=\"3310\" data-end=\"3418\">\n<td data-start=\"3310\" data-end=\"3345\" data-col-size=\"sm\"><strong data-start=\"3312\" data-end=\"3341\">Co\u00fbt estim\u00e9 du gros \u0153uvre<\/strong><\/td>\n<td data-start=\"3345\" data-end=\"3418\" data-col-size=\"md\">Environ <strong>44 700 000 FCFA<\/strong><\/td>\n<\/tr>\n<tr data-start=\"3419\" data-end=\"3528\">\n<td data-start=\"3419\" data-end=\"3454\" data-col-size=\"sm\"><strong data-start=\"3421\" data-end=\"3430\">Style<\/strong><\/td>\n<td data-start=\"3454\" data-end=\"3528\" data-col-size=\"md\">Contemporain baln\u00e9aire, volumes ouverts, toiture plate<\/td>\n<\/tr>\n<tr data-start=\"3529\" data-end=\"3638\">\n<td data-start=\"3529\" data-end=\"3564\" data-col-size=\"sm\"><strong data-start=\"3531\" data-end=\"3553\">Terrain recommand\u00e9<\/strong><\/td>\n<td data-start=\"3564\" data-end=\"3638\" data-col-size=\"md\">Environ 600 m\u00b2 (id\u00e9alement 1000 m2 pour profiter d&#8217;un grand espace jardin et stationnement)<\/td>\n<\/tr>\n<tr data-start=\"3639\" data-end=\"3747\">\n<td data-start=\"3639\" data-end=\"3674\" data-col-size=\"sm\"><strong data-start=\"3641\" data-end=\"3657\">Public cible<\/strong><\/td>\n<td data-start=\"3674\" data-end=\"3747\" data-col-size=\"md\">Investisseurs haut standing, r\u00e9sidences secondaires, cit\u00e9s baln\u00e9aires<\/td>\n<\/tr>\n<\/tbody>\n<\/table>\n<\/div>\n<\/div>\n<p data-start=\"481\" data-end=\"801\">La <strong data-start=\"484\" data-end=\"498\">Villa r\u00e9cr\u00e9ative<\/strong>\u00a0est une maison \u00e0 \u00e9tage de style contemporain, id\u00e9ale pour un projet r\u00e9sidentiel en <strong data-start=\"582\" data-end=\"630\">bord de mer ou environnement de vill\u00e9giature<\/strong>.<br data-start=\"631\" data-end=\"634\" \/>Elle se distingue par ses <strong data-start=\"660\" data-end=\"680\">volumes g\u00e9n\u00e9reux<\/strong>, ses <strong data-start=\"686\" data-end=\"718\">espaces ext\u00e9rieurs multiples<\/strong> (terrasses, piscine), et une <strong data-start=\"748\" data-end=\"771\">distribution fluide<\/strong> entre les zones jour et nuit.<\/p>\n<p data-start=\"803\" data-end=\"840\">Au <strong data-start=\"806\" data-end=\"825\">rez-de-chauss\u00e9e<\/strong>, on retrouve :<\/p>\n<ul data-start=\"841\" data-end=\"1178\">\n<li data-start=\"841\" data-end=\"875\">\n<p data-start=\"843\" data-end=\"875\">un grand <strong data-start=\"852\" data-end=\"873\">salon de 60,69 m\u00b2<\/strong>,<\/p>\n<\/li>\n<li data-start=\"876\" data-end=\"913\">\n<p data-start=\"878\" data-end=\"913\">une <strong data-start=\"882\" data-end=\"912\">salle \u00e0 manger de 14,40 m\u00b2<\/strong>,<\/p>\n<\/li>\n<li data-start=\"914\" data-end=\"952\">\n<p data-start=\"916\" data-end=\"952\">une <strong data-start=\"920\" data-end=\"951\">cuisine ouverte de 11,31 m\u00b2<\/strong>,<\/p>\n<\/li>\n<li data-start=\"953\" data-end=\"1017\">\n<p data-start=\"955\" data-end=\"1017\">une <strong data-start=\"959\" data-end=\"989\">chambre d\u2019amis de 32,28 m\u00b2<\/strong> avec salle d\u2019eau attenante,<\/p>\n<\/li>\n<li data-start=\"1018\" data-end=\"1046\">\n<p data-start=\"1020\" data-end=\"1046\">un <strong data-start=\"1023\" data-end=\"1045\">magasin de 6,32 m\u00b2<\/strong>,<\/p>\n<\/li>\n<li data-start=\"1047\" data-end=\"1069\">\n<p data-start=\"1049\" data-end=\"1069\">un <strong data-start=\"1052\" data-end=\"1068\">garage ouvert et couvert<\/strong><\/p>\n<\/li>\n<li data-start=\"1070\" data-end=\"1105\">\n<p data-start=\"1072\" data-end=\"1105\"><strong data-start=\"1074\" data-end=\"1087\">5 toilettes<\/strong> (dont visiteurs),<\/p>\n<\/li>\n<li data-start=\"1106\" data-end=\"1178\">\n<p data-start=\"1108\" data-end=\"1178\">2 <strong data-start=\"1110\" data-end=\"1135\">terrasses ext\u00e9rieures<\/strong> accessibles depuis le salon et la chambre.<\/p>\n<\/li>\n<\/ul>\n<p data-start=\"1180\" data-end=\"1215\">\u00c0 l\u2019<strong data-start=\"1184\" data-end=\"1193\">\u00e9tage<\/strong>, la villa accueille :<\/p>\n<ul data-start=\"1216\" data-end=\"1519\">\n<li data-start=\"1216\" data-end=\"1309\">\n<p data-start=\"1218\" data-end=\"1309\">\u00c0 l&#8217;\u00e9tage, 3 <strong data-start=\"1220\" data-end=\"1232\">chambres<\/strong>, dont une <strong data-start=\"1243\" data-end=\"1277\">chambre principale de 55,75 m\u00b2<\/strong> avec salle de bain et dressing,<\/p>\n<\/li>\n<li data-start=\"1310\" data-end=\"1400\">\n<p data-start=\"1312\" data-end=\"1400\">1 autre chambre de <strong data-start=\"1333\" data-end=\"1345\">24,48 m\u00b2<\/strong>\u00a0 au rez de chauss\u00e9e avec salle de bain privative,<\/p>\n<\/li>\n<li data-start=\"1401\" data-end=\"1453\">\n<p data-start=\"1403\" data-end=\"1453\">des <strong data-start=\"1407\" data-end=\"1425\">balcons priv\u00e9s<\/strong> en fa\u00e7ade avant et arri\u00e8re,<\/p>\n<\/li>\n<li data-start=\"1454\" data-end=\"1519\">\n<p data-start=\"1456\" data-end=\"1519\">une circulation centrale donnant acc\u00e8s \u00e0 un <strong data-start=\"1500\" data-end=\"1518\">vide sur salon<\/strong>.<\/p>\n<\/li>\n<\/ul>\n<p data-start=\"1521\" data-end=\"1722\">Cette villa est con\u00e7ue pour une <strong data-start=\"1553\" data-end=\"1595\">exp\u00e9rience r\u00e9sidentielle haut de gamme<\/strong>, avec une architecture ouverte et un <strong data-start=\"1633\" data-end=\"1658\">style baln\u00e9aire \u00e9pur\u00e9<\/strong>, pouvant accueillir une piscine dans son am\u00e9nagement ext\u00e9rieur.<\/p>\n","protected":false},"excerpt":{"rendered":"<p>Cette villa contemporaine R+1 de 4 chambres avec piscine, garage ferm\u00e9, deux terrasses et volumes spacieux.<br data-start=\"303\" data-end=\"306\" \/>Un mod\u00e8le haut standing con\u00e7u pour les cit\u00e9s baln\u00e9aires ou r\u00e9sidences de vacances sur un terrain de\u00a0 600 m\u00b2 \u00e0 1000m2.<\/p>\n","protected":false},"featured_media":29078,"comment_status":"open","ping_status":"closed","template":"","meta":{"_glsr_average":0,"_glsr_ranking":0,"_glsr_reviews":0,"_joinchat":[]},"product_cat":[159,154,152,148],"product_tag":[],"class_list":{"0":"post-29076","1":"product","2":"type-product","3":"status-publish","4":"has-post-thumbnail","6":"product_cat-moins-de-50-millions","7":"product_cat-100-m-et-plus","8":"product_cat-4-chambres-et-plus","9":"product_cat-duplex","10":"tm-no-options","12":"first","13":"instock","14":"sale","15":"shipping-taxable","16":"purchasable","17":"product-type-variable","18":"add-to-wishlist-after_add_to_cart"},"_links":{"self":[{"href":"https:\/\/premierpaschezsoi.com\/w2\/wp-json\/wp\/v2\/product\/29076","targetHints":{"allow":["GET"]}}],"collection":[{"href":"https:\/\/premierpaschezsoi.com\/w2\/wp-json\/wp\/v2\/product"}],"about":[{"href":"https:\/\/premierpaschezsoi.com\/w2\/wp-json\/wp\/v2\/types\/product"}],"replies":[{"embeddable":true,"href":"https:\/\/premierpaschezsoi.com\/w2\/wp-json\/wp\/v2\/comments?post=29076"}],"version-history":[{"count":2,"href":"https:\/\/premierpaschezsoi.com\/w2\/wp-json\/wp\/v2\/product\/29076\/revisions"}],"predecessor-version":[{"id":29089,"href":"https:\/\/premierpaschezsoi.com\/w2\/wp-json\/wp\/v2\/product\/29076\/revisions\/29089"}],"wp:featuredmedia":[{"embeddable":true,"href":"https:\/\/premierpaschezsoi.com\/w2\/wp-json\/wp\/v2\/media\/29078"}],"wp:attachment":[{"href":"https:\/\/premierpaschezsoi.com\/w2\/wp-json\/wp\/v2\/media?parent=29076"}],"wp:term":[{"taxonomy":"product_cat","embeddable":true,"href":"https:\/\/premierpaschezsoi.com\/w2\/wp-json\/wp\/v2\/product_cat?post=29076"},{"taxonomy":"product_tag","embeddable":true,"href":"https:\/\/premierpaschezsoi.com\/w2\/wp-json\/wp\/v2\/product_tag?post=29076"}],"curies":[{"name":"wp","href":"https:\/\/api.w.org\/{rel}","templated":true}]}}